{"id":103268,"date":"2023-11-24T17:11:51","date_gmt":"2023-11-24T17:11:51","guid":{"rendered":"https:\/\/www.logicmobility.com\/?page_id=103268"},"modified":"2023-11-27T14:50:42","modified_gmt":"2023-11-27T14:50:42","slug":"privacy-2","status":"publish","type":"page","link":"https:\/\/www.logicmobility.com\/es\/privacy-2\/","title":{"rendered":"Privacidad"},"content":{"rendered":"\t\t<div data-elementor-type=\"wp-page\" data-elementor-id=\"103268\" class=\"elementor elementor-103268\" data-elementor-post-type=\"page\">\n\t\t\t\t<div class=\"elementor-element elementor-element-0fb369c e-con-full e-flex e-con e-child\" data-id=\"0fb369c\" data-element_type=\"container\" data-e-type=\"container\" data-settings=\"{&quot;background_background&quot;:&quot;classic&quot;}\">\n\t\t<div class=\"elementor-element elementor-element-d4b2c99 e-flex e-con-boxed e-con e-child\" data-id=\"d4b2c99\" data-element_type=\"container\" data-e-type=\"container\">\n\t\t\t\t\t<div class=\"e-con-inner\">\n\t\t<div class=\"elementor-element elementor-element-9c9d9a8 e-flex e-con-boxed e-con e-child\" data-id=\"9c9d9a8\" data-element_type=\"container\" data-e-type=\"container\">\n\t\t\t\t\t<div class=\"e-con-inner\">\n\t\t<div class=\"elementor-element elementor-element-bd00a7e e-con-full e-flex e-con e-child\" data-id=\"bd00a7e\" data-element_type=\"container\" data-e-type=\"container\">\n\t\t\t\t<div class=\"elementor-element elementor-element-df429ff premium-header-inline premium-header-inline premium-header-inline premium-lq__none premium-box-lq__none elementor-invisible elementor-widget elementor-widget-premium-addon-dual-header\" data-id=\"df429ff\" data-element_type=\"widget\" data-e-type=\"widget\" data-settings=\"{&quot;_animation&quot;:&quot;fadeIn&quot;}\" data-widget_type=\"premium-addon-dual-header.default\">\n\t\t\t\t\t\n\t\t<div class=\"elementor-widget-container\">\n\t\t<div class=\"premium-dual-header-wrapper\">\n\t\t\t\t\t<h2 class=\"premium-dual-header-first-header \"><span class=\"premium-dual-header-first-span\">Privacy <\/span><\/h2> \t\t\t\t\t\t<\/div>\n\t\t<\/div>\n\n\t\t\t\t\t\t<\/div>\n\t\t\t\t<div class=\"elementor-element elementor-element-11af8d5 elementor-invisible elementor-widget elementor-widget-text-editor\" data-id=\"11af8d5\" data-element_type=\"widget\" data-e-type=\"widget\" data-settings=\"{&quot;_animation&quot;:&quot;fadeIn&quot;}\" data-widget_type=\"text-editor.default\">\n\t\t\t\t\t<style>.elementor-element-11af8d5{display:none !important}<\/style>\t\t\t\t<\/div>\n\t\t\t\t<div class=\"elementor-element elementor-element-a832663 elementor-invisible elementor-widget elementor-widget-text-editor\" data-id=\"a832663\" data-element_type=\"widget\" data-e-type=\"widget\" data-settings=\"{&quot;_animation&quot;:&quot;fadeIn&quot;}\" data-widget_type=\"text-editor.default\">\n\t\t\t\t\t\t\t\t\tComo empresa tecnol\u00f3gica, nos dedicamos a ofrecer productos innovadores y accesibles que est\u00e1n dise\u00f1ados para satisfacer  las necesidades de nuestros clientes.\t\t\t\t\t\t\t\t<\/div>\n\t\t\t\t<\/div>\n\t\t<div class=\"elementor-element elementor-element-b2cedd4 e-flex e-con-boxed e-con e-child\" data-id=\"b2cedd4\" data-element_type=\"container\" data-e-type=\"container\">\n\t\t\t\t\t<div class=\"e-con-inner\">\n\t\t\t\t<div class=\"elementor-element elementor-element-c77df00 elementor-invisible elementor-widget elementor-widget-image\" data-id=\"c77df00\" data-element_type=\"widget\" data-e-type=\"widget\" data-settings=\"{&quot;_animation&quot;:&quot;fadeIn&quot;}\" data-widget_type=\"image.default\">\n\t\t\t\t\t\t\t\t\t\t\t\t\t\t\t<img fetchpriority=\"high\" decoding=\"async\" width=\"1920\" height=\"1109\" src=\"https:\/\/www.logicmobility.com\/wp-content\/uploads\/2023\/01\/img_header_logic_products_2023_.jpg\" class=\"attachment-full size-full wp-image-81114\" alt=\"\" srcset=\"https:\/\/www.logicmobility.com\/wp-content\/uploads\/2023\/01\/img_header_logic_products_2023_.jpg 1920w, https:\/\/www.logicmobility.com\/wp-content\/uploads\/2023\/01\/img_header_logic_products_2023_-300x173.jpg 300w, https:\/\/www.logicmobility.com\/wp-content\/uploads\/2023\/01\/img_header_logic_products_2023_-1024x591.jpg 1024w, https:\/\/www.logicmobility.com\/wp-content\/uploads\/2023\/01\/img_header_logic_products_2023_-768x444.jpg 768w, https:\/\/www.logicmobility.com\/wp-content\/uploads\/2023\/01\/img_header_logic_products_2023_-1536x887.jpg 1536w, https:\/\/www.logicmobility.com\/wp-content\/uploads\/2023\/01\/img_header_logic_products_2023_-18x10.jpg 18w\" sizes=\"(max-width: 1920px) 100vw, 1920px\" \/>\t\t\t\t\t\t\t\t\t\t\t\t\t\t\t<\/div>\n\t\t\t\t\t<\/div>\n\t\t\t\t<\/div>\n\t\t\t\t\t<\/div>\n\t\t\t\t<\/div>\n\t\t\t\t\t<\/div>\n\t\t\t\t<\/div>\n\t\t\t\t<\/div>\n\t\t<div class=\"elementor-element elementor-element-ac4f5cd e-con-full e-flex e-con e-child\" data-id=\"ac4f5cd\" data-element_type=\"container\" data-e-type=\"container\">\n\t\t<div class=\"elementor-element elementor-element-ec52480 e-flex e-con-boxed e-con e-child\" data-id=\"ec52480\" data-element_type=\"container\" data-e-type=\"container\">\n\t\t\t\t\t<div class=\"e-con-inner\">\n\t\t\t\t<div class=\"elementor-element elementor-element-d1509f2 elementor-widget elementor-widget-n-accordion\" data-id=\"d1509f2\" data-element_type=\"widget\" data-e-type=\"widget\" data-settings=\"{&quot;default_state&quot;:&quot;expanded&quot;,&quot;max_items_expended&quot;:&quot;one&quot;,&quot;n_accordion_animation_duration&quot;:{&quot;unit&quot;:&quot;ms&quot;,&quot;size&quot;:400,&quot;sizes&quot;:[]}}\" data-widget_type=\"nested-accordion.default\">\n\t\t\t\t\t\t\t<div class=\"e-n-accordion\" aria-label=\"Accordion. Open links with Enter or Space, close with Escape, and navigate with Arrow Keys\">\n\t\t\t\t\t\t<details id=\"e-n-accordion-item-2190\" class=\"e-n-accordion-item\" open>\n\t\t\t\t<summary class=\"e-n-accordion-item-title\" data-accordion-index=\"1\" tabindex=\"0\" aria-expanded=\"true\" aria-controls=\"e-n-accordion-item-2190\" >\n\t\t\t\t\t<span class='e-n-accordion-item-title-header'><div class=\"e-n-accordion-item-title-text\"> What we do with your personally identifiable information <\/div><\/span>\n\t\t\t\t\t\t\t<span class='e-n-accordion-item-title-icon'>\n\t\t\t<span class='e-opened' ><svg aria-hidden=\"true\" class=\"e-font-icon-svg e-fas-minus\" viewBox=\"0 0 448 512\" xmlns=\"http:\/\/www.w3.org\/2000\/svg\"><path d=\"M416 208H32c-17.67 0-32 14.33-32 32v32c0 17.67 14.33 32 32 32h384c17.67 0 32-14.33 32-32v-32c0-17.67-14.33-32-32-32z\"><\/path><\/svg><\/span>\n\t\t\t<span class='e-closed'><i aria-hidden=\"true\" class=\"icon icon-down-arrow1\"><\/i><\/span>\n\t\t<\/span>\n\n\t\t\t\t\t\t<\/summary>\n\t\t\t\t<div role=\"region\" aria-labelledby=\"e-n-accordion-item-2190\" class=\"elementor-element elementor-element-5e8c90c e-con-full e-flex e-con e-child\" data-id=\"5e8c90c\" data-element_type=\"container\" data-e-type=\"container\">\n\t\t\t\t<div class=\"elementor-element elementor-element-4035ef9 elementor-invisible elementor-widget elementor-widget-text-editor\" data-id=\"4035ef9\" data-element_type=\"widget\" data-e-type=\"widget\" data-settings=\"{&quot;_animation&quot;:&quot;fadeIn&quot;}\" data-widget_type=\"text-editor.default\">\n\t\t\t\t\t\t\t\t\t<ol><li>What we do with your personally identifiable information<br \/>It is always up to you whether to disclose personally identifiable information to us, although if you elect not to do so, we reserve the right not to register you as a user or provide you with any products or services.<br \/>\u201cPersonally identifiable information\u201d means information that can be used to identify you as an individual, such as, for example:<br \/>\u2022 your name, company, email address, phone number, billing address, and shipping address<br \/>\u2022 your LOGIC user ID and password (if applicable)<br \/>\u2022 credit card information (if applicable) [THIS MAY NOT BE APPROPRIATE IF CREDIT-CARD INFORMATION IS HANDLED BY THE PAYMENT PROCESSOR]<br \/>\u2022 any account-preference information you provide us<br \/>\u2022 your computer\u2019s domain name and IP address, indicating<br \/>where your computer is located on the Internet<br \/>\u2022 session data for your login session, so that our computer can \u2018talk\u2019 to yours while you are logged in<br \/>If you do provide personally identifiable information to us, either directly or through a reseller or other business partner, we will:<br \/>\u2022 not sell or rent it to a third party without your permission \u2014 although unless you opt out (see below), we may use your contact information to provide you with information we believe you need to know or may find useful, such as (for example) news about our services and products and modifications to the Terms of Service;<br \/>\u2022 take commercially reasonable precautions to protect the information from loss, misuse and unauthorized access, disclosure, alteration and destruction;<br \/>\u2022 not use or disclose the information except: as necessary to provide services or products you have ordered, such as (for example) by providing it to a carrier to deliver products you have ordered; in other ways described in this privacy policy or to which you have otherwise consented; in the aggregate with other information in such a way so that your identity cannot reasonably be determined (for example, statistical compilations); as required by law, for example, in response to a subpoena or search warrant; to outside auditors who have agreed to keep the information confidential; to a successor organization in the event of a merger, acquisition, bankruptcy, or other sale or disposition of all or a portion of LOGIC\u2019s assets. The successor organization\u2019s use and disclosure of your personally-identifiable information will continue to be subject to this privacy policy unless (i) a court orders otherwise, for example a bankruptcy court; or (ii) the successor organization gives you notice that your personally-identifiable information will be subject to the successor organization\u2019s own privacy policy, along with an opportunity for you to opt out (which may cause you not to be able to continue to use the web site. If you submit personally-identifiable information after such a transfer, that information may be subject to the successor entity\u2019s privacy policy; as necessary to enforce the Terms of Service; as necessary to protect the rights, safety, or property of LOGIC, its users, or others; this may include (for example) exchanging information with other organizations for fraud protection and\/or risk reduction.<\/li><\/ol>\t\t\t\t\t\t\t\t<\/div>\n\t\t\t\t<\/div>\n\t\t\t\t\t<\/details>\n\t\t\t\t\t\t<details id=\"e-n-accordion-item-2191\" class=\"e-n-accordion-item\" >\n\t\t\t\t<summary class=\"e-n-accordion-item-title\" data-accordion-index=\"2\" tabindex=\"-1\" aria-expanded=\"false\" aria-controls=\"e-n-accordion-item-2191\" >\n\t\t\t\t\t<span class='e-n-accordion-item-title-header'><div class=\"e-n-accordion-item-title-text\"> Other information we collect <\/div><\/span>\n\t\t\t\t\t\t\t<span class='e-n-accordion-item-title-icon'>\n\t\t\t<span class='e-opened' ><svg aria-hidden=\"true\" class=\"e-font-icon-svg e-fas-minus\" viewBox=\"0 0 448 512\" xmlns=\"http:\/\/www.w3.org\/2000\/svg\"><path d=\"M416 208H32c-17.67 0-32 14.33-32 32v32c0 17.67 14.33 32 32 32h384c17.67 0 32-14.33 32-32v-32c0-17.67-14.33-32-32-32z\"><\/path><\/svg><\/span>\n\t\t\t<span class='e-closed'><i aria-hidden=\"true\" class=\"icon icon-down-arrow1\"><\/i><\/span>\n\t\t<\/span>\n\n\t\t\t\t\t\t<\/summary>\n\t\t\t\t<div role=\"region\" aria-labelledby=\"e-n-accordion-item-2191\" class=\"elementor-element elementor-element-0dff362 e-con-full e-flex e-con e-child\" data-id=\"0dff362\" data-element_type=\"container\" data-e-type=\"container\">\n\t\t\t\t<div class=\"elementor-element elementor-element-b36b2ff elementor-invisible elementor-widget elementor-widget-text-editor\" data-id=\"b36b2ff\" data-element_type=\"widget\" data-e-type=\"widget\" data-settings=\"{&quot;_animation&quot;:&quot;fadeIn&quot;}\" data-widget_type=\"text-editor.default\">\n\t\t\t\t\t\t\t\t\tWe may collect other information that cannot be readily used to identify you, such as (for example) the domain name and IP address of your computer. We may use this information, individually or in the aggregate, for technical administration of our Web site(s); research and development; customer- and account administration; and to help us focus our marketing efforts more precisely.\t\t\t\t\t\t\t\t<\/div>\n\t\t\t\t<\/div>\n\t\t\t\t\t<\/details>\n\t\t\t\t\t\t<details id=\"e-n-accordion-item-2192\" class=\"e-n-accordion-item\" >\n\t\t\t\t<summary class=\"e-n-accordion-item-title\" data-accordion-index=\"3\" tabindex=\"-1\" aria-expanded=\"false\" aria-controls=\"e-n-accordion-item-2192\" >\n\t\t\t\t\t<span class='e-n-accordion-item-title-header'><div class=\"e-n-accordion-item-title-text\"> Cookies <\/div><\/span>\n\t\t\t\t\t\t\t<span class='e-n-accordion-item-title-icon'>\n\t\t\t<span class='e-opened' ><svg aria-hidden=\"true\" class=\"e-font-icon-svg e-fas-minus\" viewBox=\"0 0 448 512\" xmlns=\"http:\/\/www.w3.org\/2000\/svg\"><path d=\"M416 208H32c-17.67 0-32 14.33-32 32v32c0 17.67 14.33 32 32 32h384c17.67 0 32-14.33 32-32v-32c0-17.67-14.33-32-32-32z\"><\/path><\/svg><\/span>\n\t\t\t<span class='e-closed'><i aria-hidden=\"true\" class=\"icon icon-down-arrow1\"><\/i><\/span>\n\t\t<\/span>\n\n\t\t\t\t\t\t<\/summary>\n\t\t\t\t<div role=\"region\" aria-labelledby=\"e-n-accordion-item-2192\" class=\"elementor-element elementor-element-f1791a9 e-con-full e-flex e-con e-child\" data-id=\"f1791a9\" data-element_type=\"container\" data-e-type=\"container\">\n\t\t\t\t<div class=\"elementor-element elementor-element-79dfae7 elementor-invisible elementor-widget elementor-widget-text-editor\" data-id=\"79dfae7\" data-element_type=\"widget\" data-e-type=\"widget\" data-settings=\"{&quot;_animation&quot;:&quot;fadeIn&quot;}\" data-widget_type=\"text-editor.default\">\n\t\t\t\t\t\t\t\t\tLOGIC may use \u201ccookies\u201d to store personal data on your computer. We may also link information stored on your computer in cookies with personal data about specific individuals stored on our servers. If you set up your Web browser (for example, Internet Explorer or Firefox) so that cookies are not allowed, you might not be able to use some or all of the features of our Web site(s).\t\t\t\t\t\t\t\t<\/div>\n\t\t\t\t<\/div>\n\t\t\t\t\t<\/details>\n\t\t\t\t\t\t<details id=\"e-n-accordion-item-2193\" class=\"e-n-accordion-item\" >\n\t\t\t\t<summary class=\"e-n-accordion-item-title\" data-accordion-index=\"4\" tabindex=\"-1\" aria-expanded=\"false\" aria-controls=\"e-n-accordion-item-2193\" >\n\t\t\t\t\t<span class='e-n-accordion-item-title-header'><div class=\"e-n-accordion-item-title-text\"> External data storage sites <\/div><\/span>\n\t\t\t\t\t\t\t<span class='e-n-accordion-item-title-icon'>\n\t\t\t<span class='e-opened' ><svg aria-hidden=\"true\" class=\"e-font-icon-svg e-fas-minus\" viewBox=\"0 0 448 512\" xmlns=\"http:\/\/www.w3.org\/2000\/svg\"><path d=\"M416 208H32c-17.67 0-32 14.33-32 32v32c0 17.67 14.33 32 32 32h384c17.67 0 32-14.33 32-32v-32c0-17.67-14.33-32-32-32z\"><\/path><\/svg><\/span>\n\t\t\t<span class='e-closed'><i aria-hidden=\"true\" class=\"icon icon-down-arrow1\"><\/i><\/span>\n\t\t<\/span>\n\n\t\t\t\t\t\t<\/summary>\n\t\t\t\t<div role=\"region\" aria-labelledby=\"e-n-accordion-item-2193\" class=\"elementor-element elementor-element-95ebca3 e-con-full e-flex e-con e-child\" data-id=\"95ebca3\" data-element_type=\"container\" data-e-type=\"container\">\n\t\t\t\t<div class=\"elementor-element elementor-element-673cb71 elementor-invisible elementor-widget elementor-widget-text-editor\" data-id=\"673cb71\" data-element_type=\"widget\" data-e-type=\"widget\" data-settings=\"{&quot;_animation&quot;:&quot;fadeIn&quot;}\" data-widget_type=\"text-editor.default\">\n\t\t\t\t\t\t\t\t\tWe may store your data on servers provided by third party hosting vendors with whom we have contracted.\n\t\t\t\t\t\t\t\t<\/div>\n\t\t\t\t<\/div>\n\t\t\t\t\t<\/details>\n\t\t\t\t\t\t<details id=\"e-n-accordion-item-2194\" class=\"e-n-accordion-item\" >\n\t\t\t\t<summary class=\"e-n-accordion-item-title\" data-accordion-index=\"5\" tabindex=\"-1\" aria-expanded=\"false\" aria-controls=\"e-n-accordion-item-2194\" >\n\t\t\t\t\t<span class='e-n-accordion-item-title-header'><div class=\"e-n-accordion-item-title-text\"> Your privacy responsabilities <\/div><\/span>\n\t\t\t\t\t\t\t<span class='e-n-accordion-item-title-icon'>\n\t\t\t<span class='e-opened' ><svg aria-hidden=\"true\" class=\"e-font-icon-svg e-fas-minus\" viewBox=\"0 0 448 512\" xmlns=\"http:\/\/www.w3.org\/2000\/svg\"><path d=\"M416 208H32c-17.67 0-32 14.33-32 32v32c0 17.67 14.33 32 32 32h384c17.67 0 32-14.33 32-32v-32c0-17.67-14.33-32-32-32z\"><\/path><\/svg><\/span>\n\t\t\t<span class='e-closed'><i aria-hidden=\"true\" class=\"icon icon-down-arrow1\"><\/i><\/span>\n\t\t<\/span>\n\n\t\t\t\t\t\t<\/summary>\n\t\t\t\t<div role=\"region\" aria-labelledby=\"e-n-accordion-item-2194\" class=\"elementor-element elementor-element-89c95af e-con-full e-flex e-con e-child\" data-id=\"89c95af\" data-element_type=\"container\" data-e-type=\"container\">\n\t\t\t\t<div class=\"elementor-element elementor-element-e9cc240 elementor-invisible elementor-widget elementor-widget-text-editor\" data-id=\"e9cc240\" data-element_type=\"widget\" data-e-type=\"widget\" data-settings=\"{&quot;_animation&quot;:&quot;fadeIn&quot;}\" data-widget_type=\"text-editor.default\">\n\t\t\t\t\t\t\t\t\tTo help protect your privacy, be sure:\n\u2022 not to share your user ID or password with anyone else;\n\u2022 to log off the LOGIC Web site when you are finished;\n\u2022 to take customary precautions to guard against \u201cmalware\u201d (viruses, Trojan horses, bots, etc.), for example by installing and updating suitable anti-virus software.\t\t\t\t\t\t\t\t<\/div>\n\t\t\t\t<\/div>\n\t\t\t\t\t<\/details>\n\t\t\t\t\t<\/div>\n\t\t\t\t\t<script type=\"application\/ld+json\">{\"@context\":\"https:\\\/\\\/schema.org\",\"@type\":\"FAQPage\",\"mainEntity\":[{\"@type\":\"Question\",\"name\":\"What we do with your personally identifiable information\",\"acceptedAnswer\":{\"@type\":\"Answer\",\"text\":\"What we do with your personally identifiable informationIt is always up to you whether to disclose personally identifiable information to us, although if you elect not to do so, we reserve the right not to register you as a user or provide you with any products or services.\\u201cPersonally identifiable information\\u201d means information that can be used to identify you as an individual, such as, for example:\\u2022 your name, company, email address, phone number, billing address, and shipping address\\u2022 your LOGIC user ID and password (if applicable)\\u2022 credit card information (if applicable) [THIS MAY NOT BE APPROPRIATE IF CREDIT-CARD INFORMATION IS HANDLED BY THE PAYMENT PROCESSOR]\\u2022 any account-preference information you provide us\\u2022 your computer\\u2019s domain name and IP address, indicatingwhere your computer is located on the Internet\\u2022 session data for your login session, so that our computer can \\u2018talk\\u2019 to yours while you are logged inIf you do provide personally identifiable information to us, either directly or through a reseller or other business partner, we will:\\u2022 not sell or rent it to a third party without your permission \\u2014 although unless you opt out (see below), we may use your contact information to provide you with information we believe you need to know or may find useful, such as (for example) news about our services and products and modifications to the Terms of Service;\\u2022 take commercially reasonable precautions to protect the information from loss, misuse and unauthorized access, disclosure, alteration and destruction;\\u2022 not use or disclose the information except: as necessary to provide services or products you have ordered, such as (for example) by providing it to a carrier to deliver products you have ordered; in other ways described in this privacy policy or to which you have otherwise consented; in the aggregate with other information in such a way so that your identity cannot reasonably be determined (for example, statistical compilations); as required by law, for example, in response to a subpoena or search warrant; to outside auditors who have agreed to keep the information confidential; to a successor organization in the event of a merger, acquisition, bankruptcy, or other sale or disposition of all or a portion of LOGIC\\u2019s assets. The successor organization\\u2019s use and disclosure of your personally-identifiable information will continue to be subject to this privacy policy unless (i) a court orders otherwise, for example a bankruptcy court; or (ii) the successor organization gives you notice that your personally-identifiable information will be subject to the successor organization\\u2019s own privacy policy, along with an opportunity for you to opt out (which may cause you not to be able to continue to use the web site. If you submit personally-identifiable information after such a transfer, that information may be subject to the successor entity\\u2019s privacy policy; as necessary to enforce the Terms of Service; as necessary to protect the rights, safety, or property of LOGIC, its users, or others; this may include (for example) exchanging information with other organizations for fraud protection and\\\/or risk reduction.\"}},{\"@type\":\"Question\",\"name\":\"Other information we collect\",\"acceptedAnswer\":{\"@type\":\"Answer\",\"text\":\"We may collect other information that cannot be readily used to identify you, such as (for example) the domain name and IP address of your computer. We may use this information, individually or in the aggregate, for technical administration of our Web site(s); research and development; customer- and account administration; and to help us focus our marketing efforts more precisely.\"}},{\"@type\":\"Question\",\"name\":\"Cookies\",\"acceptedAnswer\":{\"@type\":\"Answer\",\"text\":\"LOGIC may use \\u201ccookies\\u201d to store personal data on your computer. We may also link information stored on your computer in cookies with personal data about specific individuals stored on our servers. If you set up your Web browser (for example, Internet Explorer or Firefox) so that cookies are not allowed, you might not be able to use some or all of the features of our Web site(s).\"}},{\"@type\":\"Question\",\"name\":\"External data storage sites\",\"acceptedAnswer\":{\"@type\":\"Answer\",\"text\":\"We may store your data on servers provided by third party hosting vendors with whom we have contracted.\"}},{\"@type\":\"Question\",\"name\":\"Your privacy responsabilities\",\"acceptedAnswer\":{\"@type\":\"Answer\",\"text\":\"To help protect your privacy, be sure:\\n\\u2022 not to share your user ID or password with anyone else;\\n\\u2022 to log off the LOGIC Web site when you are finished;\\n\\u2022 to take customary precautions to guard against \\u201cmalware\\u201d (viruses, Trojan horses, bots, etc.), for example by installing and updating suitable anti-virus software.\"}}]}<\/script>\n\t\t\t\t\t\t\t<\/div>\n\t\t\t\t\t<\/div>\n\t\t\t\t<\/div>\n\t\t\t\t<\/div>\n\t\t<div class=\"elementor-element elementor-element-0d28f29 e-con-full e-flex e-con e-child\" data-id=\"0d28f29\" data-element_type=\"container\" data-e-type=\"container\" data-settings=\"{&quot;background_background&quot;:&quot;classic&quot;}\">\n\t\t<div class=\"elementor-element elementor-element-effc388 e-flex e-con-boxed e-con e-child\" data-id=\"effc388\" data-element_type=\"container\" data-e-type=\"container\">\n\t\t\t\t\t<div class=\"e-con-inner\">\n\t\t\t\t<div class=\"elementor-element elementor-element-12b314d elementor-invisible elementor-widget elementor-widget-text-editor\" data-id=\"12b314d\" data-element_type=\"widget\" data-e-type=\"widget\" data-settings=\"{&quot;_animation&quot;:&quot;fadeIn&quot;}\" data-widget_type=\"text-editor.default\">\n\t\t\t\t\t<style>.elementor-element-12b314d{display:none !important}<\/style>\t\t\t\t<\/div>\n\t\t\t\t<div class=\"elementor-element elementor-element-e12d923 elementor-invisible elementor-widget elementor-widget-text-editor\" data-id=\"e12d923\" data-element_type=\"widget\" data-e-type=\"widget\" data-settings=\"{&quot;_animation&quot;:&quot;fadeIn&quot;}\" data-widget_type=\"text-editor.default\">\n\t\t\t\t\t\t\t\t\tLOGIC (nosotros) valora la privacidad de sus visitantes. Esta pol\u00edtica de privacidad est\u00e1 en vigor desde el 31 de marzo de 2015; resume la informaci\u00f3n que podr\u00edamos recoger de un usuario registrado o de otro visitante (&#8220;usted&#8221;), y lo que haremos y no haremos con ella. Tenga en cuenta que esta pol\u00edtica de privacidad no rige la recopilaci\u00f3n y el uso de informaci\u00f3n por parte de empresas que LOGIC no controla, ni por parte de personas no empleadas o gestionadas por LOGIC. Si visita un sitio Web que mencionamos o enlazamos, aseg\u00farese de revisar su pol\u00edtica de privacidad antes de proporcionarle informaci\u00f3n.\t\t\t\t\t\t\t\t<\/div>\n\t\t\t\t\t<\/div>\n\t\t\t\t<\/div>\n\t\t\t\t<\/div>\n\t\t\t\t<\/div>\n\t\t","protected":false},"excerpt":{"rendered":"<p>Privacy LOGIC offers you devices that are easy to choose and easy to use. Mobile phones, smartphones, tablets, memory, and accessories.Como empresa tecnol\u00f3gica, nos dedicamos a ofrecer productos innovadores y accesibles que est\u00e1n dise\u00f1ados para satisfacer las necesidades de nuestros clientes. What we do with your personally identifiable information What we do with your personally [&hellip;]<\/p>\n","protected":false},"author":3,"featured_media":0,"parent":0,"menu_order":0,"comment_status":"closed","ping_status":"closed","template":"elementor_header_footer","meta":{"footnotes":""},"class_list":["post-103268","page","type-page","status-publish","hentry"],"aioseo_notices":[],"_links":{"self":[{"href":"https:\/\/www.logicmobility.com\/es\/wp-json\/wp\/v2\/pages\/103268","targetHints":{"allow":["GET"]}}],"collection":[{"href":"https:\/\/www.logicmobility.com\/es\/wp-json\/wp\/v2\/pages"}],"about":[{"href":"https:\/\/www.logicmobility.com\/es\/wp-json\/wp\/v2\/types\/page"}],"author":[{"embeddable":true,"href":"https:\/\/www.logicmobility.com\/es\/wp-json\/wp\/v2\/users\/3"}],"replies":[{"embeddable":true,"href":"https:\/\/www.logicmobility.com\/es\/wp-json\/wp\/v2\/comments?post=103268"}],"version-history":[{"count":0,"href":"https:\/\/www.logicmobility.com\/es\/wp-json\/wp\/v2\/pages\/103268\/revisions"}],"wp:attachment":[{"href":"https:\/\/www.logicmobility.com\/es\/wp-json\/wp\/v2\/media?parent=103268"}],"curies":[{"name":"wp","href":"https:\/\/api.w.org\/{rel}","templated":true}]}}