{"id":32593,"date":"2020-10-07T23:30:13","date_gmt":"2020-10-07T23:30:13","guid":{"rendered":"https:\/\/new.logicmobility.com\/?page_id=32593"},"modified":"2023-04-25T22:28:47","modified_gmt":"2023-04-25T22:28:47","slug":"warranty","status":"publish","type":"page","link":"https:\/\/www.logicmobility.com\/es\/warranty\/","title":{"rendered":"Warranty"},"content":{"rendered":"<div data-elementor-type=\"wp-page\" data-elementor-id=\"32593\" class=\"elementor elementor-32593\" data-elementor-post-type=\"page\">\n\t\t\t\t\t\t<section class=\"elementor-section elementor-top-section elementor-element elementor-element-730504b elementor-section-full_width elementor-section-stretched elementor-section-height-min-height elementor-section-items-stretch elementor-section-height-default\" data-id=\"730504b\" data-element_type=\"section\" data-e-type=\"section\" data-settings=\"{&quot;stretch_section&quot;:&quot;section-stretched&quot;,&quot;background_background&quot;:&quot;classic&quot;}\">\n\t\t\t\t\t\t<div class=\"elementor-container elementor-column-gap-no\">\n\t\t\t\t\t<div class=\"elementor-column elementor-col-100 elementor-top-column elementor-element elementor-element-f0a2352\" data-id=\"f0a2352\" data-element_type=\"column\" data-e-type=\"column\">\n\t\t\t<div class=\"elementor-widget-wrap elementor-element-populated\">\n\t\t\t\t\t\t<section class=\"elementor-section elementor-inner-section elementor-element elementor-element-43fb578 elementor-section-boxed elementor-section-height-default elementor-section-height-default\" data-id=\"43fb578\" data-element_type=\"section\" data-e-type=\"section\">\n\t\t\t\t\t\t<div class=\"elementor-container elementor-column-gap-default\">\n\t\t\t\t\t<div class=\"elementor-column elementor-col-100 elementor-inner-column elementor-element elementor-element-32aef10\" data-id=\"32aef10\" data-element_type=\"column\" data-e-type=\"column\">\n\t\t\t<div class=\"elementor-widget-wrap elementor-element-populated\">\n\t\t\t\t\t\t<div class=\"elementor-element elementor-element-2614e4a premium-header-inline animated-slow premium-header-inline premium-header-inline premium-lq__none premium-box-lq__none elementor-invisible elementor-widget elementor-widget-premium-addon-dual-header\" data-id=\"2614e4a\" data-element_type=\"widget\" data-e-type=\"widget\" data-settings=\"{&quot;_animation&quot;:&quot;slideInUp&quot;,&quot;_animation_delay&quot;:900}\" data-widget_type=\"premium-addon-dual-header.default\">\n\t\t\t\t\t\n\t\t<div class=\"elementor-widget-container\">\n\t\t\t\t\t<h2 class=\"premium-dual-header-first-header\"><span class=\"premium-dual-header-first-span\">LIMITED <\/span><span class=\"premium-dual-header-second-header\">GARANT\u00cdA<\/span><\/h2> \t\t\t\t<\/div>\n\n\t\t\t\t\t\t<\/div>\n\t\t\t\t<div class=\"elementor-element elementor-element-d51d4d8 animated-slow elementor-invisible elementor-widget elementor-widget-text-editor\" data-id=\"d51d4d8\" data-element_type=\"widget\" data-e-type=\"widget\" data-settings=\"{&quot;_animation&quot;:&quot;slideInUp&quot;,&quot;_animation_delay&quot;:950}\" data-widget_type=\"text-editor.default\">\n\t\t\t\t\t\t\t\t\tCuando compras un producto Logic, adquieres  tranquilidad y garant\u00eda de f\u00e1brica.\t\t\t\t\t\t\t\t<\/div>\n\t\t\t\t\t<\/div>\n\t\t<\/div>\n\t\t\t\t\t<\/div>\n\t\t<\/section>\n\t\t\t\t<section class=\"elementor-section elementor-inner-section elementor-element elementor-element-91e976c elementor-section-boxed elementor-section-height-default elementor-section-height-default\" data-id=\"91e976c\" data-element_type=\"section\" data-e-type=\"section\">\n\t\t\t\t\t\t<div class=\"elementor-container elementor-column-gap-no\">\n\t\t\t\t\t<div class=\"elementor-column elementor-col-100 elementor-inner-column elementor-element elementor-element-aa7605d\" data-id=\"aa7605d\" data-element_type=\"column\" data-e-type=\"column\">\n\t\t\t<div class=\"elementor-widget-wrap elementor-element-populated\">\n\t\t\t\t\t\t<div class=\"elementor-element elementor-element-eb662ba animated-slow elementor-invisible elementor-widget elementor-widget-image\" data-id=\"eb662ba\" data-element_type=\"widget\" data-e-type=\"widget\" data-settings=\"{&quot;_animation_tablet&quot;:&quot;fadeInUp&quot;,&quot;_animation&quot;:&quot;fadeIn&quot;,&quot;_animation_mobile&quot;:&quot;fadeInUp&quot;,&quot;_animation_delay&quot;:980}\" data-widget_type=\"image.default\">\n\t\t\t\t\t\t\t\t\t\t\t\t\t\t\t<img fetchpriority=\"high\" decoding=\"async\" width=\"1920\" height=\"1109\" src=\"https:\/\/www.logicmobility.com\/wp-content\/uploads\/2023\/01\/img_header_logic_products_2023_.jpg\" class=\"attachment-full size-full wp-image-81114\" alt=\"\" srcset=\"https:\/\/www.logicmobility.com\/wp-content\/uploads\/2023\/01\/img_header_logic_products_2023_.jpg 1920w, https:\/\/www.logicmobility.com\/wp-content\/uploads\/2023\/01\/img_header_logic_products_2023_-300x173.jpg 300w, https:\/\/www.logicmobility.com\/wp-content\/uploads\/2023\/01\/img_header_logic_products_2023_-1024x591.jpg 1024w, https:\/\/www.logicmobility.com\/wp-content\/uploads\/2023\/01\/img_header_logic_products_2023_-768x444.jpg 768w, https:\/\/www.logicmobility.com\/wp-content\/uploads\/2023\/01\/img_header_logic_products_2023_-1536x887.jpg 1536w, https:\/\/www.logicmobility.com\/wp-content\/uploads\/2023\/01\/img_header_logic_products_2023_-18x10.jpg 18w\" sizes=\"(max-width: 1920px) 100vw, 1920px\" \/>\t\t\t\t\t\t\t\t\t\t\t\t\t\t\t<\/div>\n\t\t\t\t\t<\/div>\n\t\t<\/div>\n\t\t\t\t\t<\/div>\n\t\t<\/section>\n\t\t\t\t\t<\/div>\n\t\t<\/div>\n\t\t\t\t\t<\/div>\n\t\t<\/section>\n\t\t\t\t<section class=\"elementor-section elementor-top-section elementor-element elementor-element-13f4c63 elementor-section-boxed elementor-section-height-default elementor-section-height-default\" data-id=\"13f4c63\" data-element_type=\"section\" data-e-type=\"section\">\n\t\t\t\t\t\t<div class=\"elementor-container elementor-column-gap-default\">\n\t\t\t\t\t<div class=\"elementor-column elementor-col-100 elementor-top-column elementor-element elementor-element-4427464\" data-id=\"4427464\" data-element_type=\"column\" data-e-type=\"column\">\n\t\t\t<div class=\"elementor-widget-wrap elementor-element-populated\">\n\t\t\t\t\t\t<div class=\"elementor-element elementor-element-203da1c elementor-invisible elementor-widget elementor-widget-toggle\" data-id=\"203da1c\" data-element_type=\"widget\" data-e-type=\"widget\" data-settings=\"{&quot;_animation&quot;:&quot;bounce&quot;}\" data-widget_type=\"toggle.default\">\n\t\t\t\t\t\t\t<div class=\"elementor-toggle\">\n\t\t\t\t\t\t\t<div class=\"elementor-toggle-item\">\n\t\t\t\t\t<div id=\"elementor-tab-title-3381\" class=\"elementor-tab-title\" data-tab=\"1\" role=\"button\" aria-controls=\"elementor-tab-content-3381\" aria-expanded=\"false\">\n\t\t\t\t\t\t\t\t\t\t\t\t<span class=\"elementor-toggle-icon elementor-toggle-icon-left\" aria-hidden=\"true\">\n\t\t\t\t\t\t\t\t\t\t\t\t\t\t\t<span class=\"elementor-toggle-icon-closed\"><svg class=\"e-font-icon-svg e-fas-plus\" viewbox=\"0 0 448 512\" xmlns=\"http:\/\/www.w3.org\/2000\/svg\"><path d=\"M416 208H272V64c0-17.67-14.33-32-32-32h-32c-17.67 0-32 14.33-32 32v144H32c-17.67 0-32 14.33-32 32v32c0 17.67 14.33 32 32 32h144v144c0 17.67 14.33 32 32 32h32c17.67 0 32-14.33 32-32V304h144c17.67 0 32-14.33 32-32v-32c0-17.67-14.33-32-32-32z\"><\/path><\/svg><\/span>\n\t\t\t\t\t\t\t\t<span class=\"elementor-toggle-icon-opened\"><svg class=\"elementor-toggle-icon-opened e-font-icon-svg e-fas-minus\" viewbox=\"0 0 448 512\" xmlns=\"http:\/\/www.w3.org\/2000\/svg\"><path d=\"M416 208H32c-17.67 0-32 14.33-32 32v32c0 17.67 14.33 32 32 32h384c17.67 0 32-14.33 32-32v-32c0-17.67-14.33-32-32-32z\"><\/path><\/svg><\/span>\n\t\t\t\t\t\t\t\t\t\t\t\t\t<\/span>\n\t\t\t\t\t\t\t\t\t\t\t\t<a class=\"elementor-toggle-title\" tabindex=\"0\">T\u00e9rminos y Condiciones de la Garant\u00eda Limitada<\/a>\n\t\t\t\t\t<\/div>\n\n\t\t\t\t\t<div id=\"elementor-tab-content-3381\" class=\"elementor-tab-content elementor-clearfix\" data-tab=\"1\" role=\"region\" aria-labelledby=\"elementor-tab-title-3381\">Cada producto LOGIC viene con el servicio y soporte que tu necesitas. Solo observa todo lo que adquieres con nuestros productos.\n\nLOGIC garantiza que sus productos est\u00e1n libres de defecto de material y de mano de obra. El periodo de garant\u00eda es de un (1) a\u00f1o y tres (3) meses para los accesorios que son parte del paquete original, incluyendo la bater\u00eda. La garant\u00eda comienza con la fecha de compra del el usuario final quien deber\u00e1 presentar una factura o recibo de compra al momento de solicitar un servicio de garant\u00eda. En caso contrario, el periodo de garant\u00eda ser\u00e1 contabilizado desde la fecha de fabricaci\u00f3n del producto. LOGIC se compromete a reparar sin costo para el cliente aquellos productos que presenten defecto de fabricaci\u00f3n de material y\/o mano de obra durante el periodo de garant\u00eda y siempre que el defecto ocurra bajo condiciones normales de uso y de acuerdo con las instrucciones y especificaciones del manual de usuario.<\/div>\n\t\t\t\t<\/div>\n\t\t\t\t\t\t\t<div class=\"elementor-toggle-item\">\n\t\t\t\t\t<div id=\"elementor-tab-title-3382\" class=\"elementor-tab-title\" data-tab=\"2\" role=\"button\" aria-controls=\"elementor-tab-content-3382\" aria-expanded=\"false\">\n\t\t\t\t\t\t\t\t\t\t\t\t<span class=\"elementor-toggle-icon elementor-toggle-icon-left\" aria-hidden=\"true\">\n\t\t\t\t\t\t\t\t\t\t\t\t\t\t\t<span class=\"elementor-toggle-icon-closed\"><svg class=\"e-font-icon-svg e-fas-plus\" viewbox=\"0 0 448 512\" xmlns=\"http:\/\/www.w3.org\/2000\/svg\"><path d=\"M416 208H272V64c0-17.67-14.33-32-32-32h-32c-17.67 0-32 14.33-32 32v144H32c-17.67 0-32 14.33-32 32v32c0 17.67 14.33 32 32 32h144v144c0 17.67 14.33 32 32 32h32c17.67 0 32-14.33 32-32V304h144c17.67 0 32-14.33 32-32v-32c0-17.67-14.33-32-32-32z\"><\/path><\/svg><\/span>\n\t\t\t\t\t\t\t\t<span class=\"elementor-toggle-icon-opened\"><svg class=\"elementor-toggle-icon-opened e-font-icon-svg e-fas-minus\" viewbox=\"0 0 448 512\" xmlns=\"http:\/\/www.w3.org\/2000\/svg\"><path d=\"M416 208H32c-17.67 0-32 14.33-32 32v32c0 17.67 14.33 32 32 32h384c17.67 0 32-14.33 32-32v-32c0-17.67-14.33-32-32-32z\"><\/path><\/svg><\/span>\n\t\t\t\t\t\t\t\t\t\t\t\t\t<\/span>\n\t\t\t\t\t\t\t\t\t\t\t\t<a class=\"elementor-toggle-title\" tabindex=\"0\">Autorizaci\u00f3n de Retorno de Mercader\u00eda (RMA)<\/a>\n\t\t\t\t\t<\/div>\n\n\t\t\t\t\t<div id=\"elementor-tab-content-3382\" class=\"elementor-tab-content elementor-clearfix\" data-tab=\"2\" role=\"region\" aria-labelledby=\"elementor-tab-title-3382\"><p class=\"translation-block\">1.    Si desea retornar un producto defectuoso, por favor contacte al Departamento de RMA de LOGIC v\u00eda email a: support@logicmobility.com y solicite un Formulario de RMA.<\/p><p>2.    Por favor llene completamente el Formulario de RMA y env\u00edelo al siguiente correo electr\u00f3nico: support@logicmobility.com<\/p><p>3.    El Departamento de RMA de LOGIC podr\u00eda evaluar su requerimiento y enviarle devuelta un Numero de RMA si procede y las instrucciones para retornar el producto defectuoso.<\/p><p>4.    Por favor no retornar ning\u00fan producto a LOGIC si usted no tiene un Numero v\u00e1lido de RMA.<\/p><p>5.    LOGIC no proveer\u00e1 servicio de Garant\u00eda si usted no sigue el procedimiento de reclamo de un RMA y las instrucciones indicadas en el Formulario de Retorno.<\/p><\/div>\n\t\t\t\t<\/div>\n\t\t\t\t\t\t\t<div class=\"elementor-toggle-item\">\n\t\t\t\t\t<div id=\"elementor-tab-title-3383\" class=\"elementor-tab-title\" data-tab=\"3\" role=\"button\" aria-controls=\"elementor-tab-content-3383\" aria-expanded=\"false\">\n\t\t\t\t\t\t\t\t\t\t\t\t<span class=\"elementor-toggle-icon elementor-toggle-icon-left\" aria-hidden=\"true\">\n\t\t\t\t\t\t\t\t\t\t\t\t\t\t\t<span class=\"elementor-toggle-icon-closed\"><svg class=\"e-font-icon-svg e-fas-plus\" viewbox=\"0 0 448 512\" xmlns=\"http:\/\/www.w3.org\/2000\/svg\"><path d=\"M416 208H272V64c0-17.67-14.33-32-32-32h-32c-17.67 0-32 14.33-32 32v144H32c-17.67 0-32 14.33-32 32v32c0 17.67 14.33 32 32 32h144v144c0 17.67 14.33 32 32 32h32c17.67 0 32-14.33 32-32V304h144c17.67 0 32-14.33 32-32v-32c0-17.67-14.33-32-32-32z\"><\/path><\/svg><\/span>\n\t\t\t\t\t\t\t\t<span class=\"elementor-toggle-icon-opened\"><svg class=\"elementor-toggle-icon-opened e-font-icon-svg e-fas-minus\" viewbox=\"0 0 448 512\" xmlns=\"http:\/\/www.w3.org\/2000\/svg\"><path d=\"M416 208H32c-17.67 0-32 14.33-32 32v32c0 17.67 14.33 32 32 32h384c17.67 0 32-14.33 32-32v-32c0-17.67-14.33-32-32-32z\"><\/path><\/svg><\/span>\n\t\t\t\t\t\t\t\t\t\t\t\t\t<\/span>\n\t\t\t\t\t\t\t\t\t\t\t\t<a class=\"elementor-toggle-title\" tabindex=\"0\">C\u00f3mo obtener el servicio de garant\u00eda y soporte t\u00e9cnico<\/a>\n\t\t\t\t\t<\/div>\n\n\t\t\t\t\t<div id=\"elementor-tab-content-3383\" class=\"elementor-tab-content elementor-clearfix\" data-tab=\"3\" role=\"region\" aria-labelledby=\"elementor-tab-title-3383\">Para obtener servicio de garant\u00eda y soporte t\u00e9cnico, incluyendo ayuda para resolver problemas comunes, por favor visite el sitio Web de LOGIC en www.logicmobility.com y busque la secci\u00f3n de Soporte.<\/div>\n\t\t\t\t<\/div>\n\t\t\t\t\t\t\t<div class=\"elementor-toggle-item\">\n\t\t\t\t\t<div id=\"elementor-tab-title-3384\" class=\"elementor-tab-title\" data-tab=\"4\" role=\"button\" aria-controls=\"elementor-tab-content-3384\" aria-expanded=\"false\">\n\t\t\t\t\t\t\t\t\t\t\t\t<span class=\"elementor-toggle-icon elementor-toggle-icon-left\" aria-hidden=\"true\">\n\t\t\t\t\t\t\t\t\t\t\t\t\t\t\t<span class=\"elementor-toggle-icon-closed\"><svg class=\"e-font-icon-svg e-fas-plus\" viewbox=\"0 0 448 512\" xmlns=\"http:\/\/www.w3.org\/2000\/svg\"><path d=\"M416 208H272V64c0-17.67-14.33-32-32-32h-32c-17.67 0-32 14.33-32 32v144H32c-17.67 0-32 14.33-32 32v32c0 17.67 14.33 32 32 32h144v144c0 17.67 14.33 32 32 32h32c17.67 0 32-14.33 32-32V304h144c17.67 0 32-14.33 32-32v-32c0-17.67-14.33-32-32-32z\"><\/path><\/svg><\/span>\n\t\t\t\t\t\t\t\t<span class=\"elementor-toggle-icon-opened\"><svg class=\"elementor-toggle-icon-opened e-font-icon-svg e-fas-minus\" viewbox=\"0 0 448 512\" xmlns=\"http:\/\/www.w3.org\/2000\/svg\"><path d=\"M416 208H32c-17.67 0-32 14.33-32 32v32c0 17.67 14.33 32 32 32h384c17.67 0 32-14.33 32-32v-32c0-17.67-14.33-32-32-32z\"><\/path><\/svg><\/span>\n\t\t\t\t\t\t\t\t\t\t\t\t\t<\/span>\n\t\t\t\t\t\t\t\t\t\t\t\t<a class=\"elementor-toggle-title\" tabindex=\"0\">La Garant\u00eda Limitada no cubre lo siguiente<\/a>\n\t\t\t\t\t<\/div>\n\n\t\t\t\t\t<div id=\"elementor-tab-content-3384\" class=\"elementor-tab-content elementor-clearfix\" data-tab=\"4\" role=\"region\" aria-labelledby=\"elementor-tab-title-3384\"><p>1. Si el cliente no presenta una factura o recibo de compra de su distribuidor, operadora telef\u00f3nica o tienda.<\/p><p>2. Si la garant\u00eda est\u00e1 expirada (Consultar por reparaciones de equipos fuera de garant\u00eda).<\/p><p>3. Si el N\u00famero de Serie o IMEI del producto fue alterado, borrado o removido.<\/p><p>4. Si el Producto presenta intervenciones no autorizadas y que causan problemas de funcionamiento.<\/p><p>5. Uso indebido, mal uso, negligencia o uso diferente al especificado en el manual de usuario.<\/p><p>6. Si Producto presenta problemas causados por \n    software de terceros, por software no \n    autorizado o por \n    instalaciones\/configuraciones realizadas por \n    personas no autorizadas por LOGIC.<\/p><p>7. Problemas causados durante el env\u00edo o transporte del producto.<\/p><p>8. La garant\u00eda no es transferible si el producto ha sido robado, extraviado o perdido.<\/p><p>9. Problemas causados por accidentes como incendios, variaci\u00f3n de voltaje, exposici\u00f3n a sustancias qu\u00edmicas, humedad, derrame de l\u00edquidos o alimentos, arena, insectos o vandalismo.<\/p><p>10. Problemas causados por acci\u00f3n de la naturaleza tales como tormentas el\u00e9ctricas, condiciones ambientales extremas, terremotos, inundaciones, etc.<\/p><p>11. La garant\u00eda no cubre defectos cosm\u00e9ticos causados por desgaste en el uso normal, exposici\u00f3n al sol, golpes o rasgaduras en los lentes de la c\u00e1mara, bater\u00edas, pantalla LCD, etc. O cualquier defecto cosm\u00e9tico o de ensamble que no sea de fabricaci\u00f3n.<\/p><p>12. Si el producto fue utilizado con accesorios distintos a la marca LOGIC, tal como kits de manos libre, bater\u00edas, etc.<\/p><p>13. Si el producto esta f\u00edsicamente roto o presenta golpes o da\u00f1os distintos a la de un defecto de fabricaci\u00f3n.<\/p><p>14. Si la bater\u00eda fue cargada con cargadores diferentes a los originales de LOGIC o si la bater\u00eda fue usada en equipos de diferente marca o usada en condiciones diferentes a sus especificaciones.<\/p><p>15. Si el producto presenta sus sellos de garant\u00eda rotos, alterados o removidos.<\/p><p>16. Si el producto se utiliza en redes de telefon\u00eda diferentes a las aprobadas y homologadas por el operador o proveedor del servicio telef\u00f3nico. Consecuentemente LOGIC no es responsable por la operaci\u00f3n, estabilidad, cobertura de se\u00f1al o cualquier servicio otorgado por el operador telef\u00f3nico.<\/p><\/div>\n\t\t\t\t<\/div>\n\t\t\t\t\t\t\t<div class=\"elementor-toggle-item\">\n\t\t\t\t\t<div id=\"elementor-tab-title-3385\" class=\"elementor-tab-title\" data-tab=\"5\" role=\"button\" aria-controls=\"elementor-tab-content-3385\" aria-expanded=\"false\">\n\t\t\t\t\t\t\t\t\t\t\t\t<span class=\"elementor-toggle-icon elementor-toggle-icon-left\" aria-hidden=\"true\">\n\t\t\t\t\t\t\t\t\t\t\t\t\t\t\t<span class=\"elementor-toggle-icon-closed\"><svg class=\"e-font-icon-svg e-fas-plus\" viewbox=\"0 0 448 512\" xmlns=\"http:\/\/www.w3.org\/2000\/svg\"><path d=\"M416 208H272V64c0-17.67-14.33-32-32-32h-32c-17.67 0-32 14.33-32 32v144H32c-17.67 0-32 14.33-32 32v32c0 17.67 14.33 32 32 32h144v144c0 17.67 14.33 32 32 32h32c17.67 0 32-14.33 32-32V304h144c17.67 0 32-14.33 32-32v-32c0-17.67-14.33-32-32-32z\"><\/path><\/svg><\/span>\n\t\t\t\t\t\t\t\t<span class=\"elementor-toggle-icon-opened\"><svg class=\"elementor-toggle-icon-opened e-font-icon-svg e-fas-minus\" viewbox=\"0 0 448 512\" xmlns=\"http:\/\/www.w3.org\/2000\/svg\"><path d=\"M416 208H32c-17.67 0-32 14.33-32 32v32c0 17.67 14.33 32 32 32h384c17.67 0 32-14.33 32-32v-32c0-17.67-14.33-32-32-32z\"><\/path><\/svg><\/span>\n\t\t\t\t\t\t\t\t\t\t\t\t\t<\/span>\n\t\t\t\t\t\t\t\t\t\t\t\t<a class=\"elementor-toggle-title\" tabindex=\"0\">Otras consideraciones importantes<\/a>\n\t\t\t\t\t<\/div>\n\n\t\t\t\t\t<div id=\"elementor-tab-content-3385\" class=\"elementor-tab-content elementor-clearfix\" data-tab=\"5\" role=\"region\" aria-labelledby=\"elementor-tab-title-3385\"><p class=\"translation-block\">LOGIC no se hace responsable por el rendimiento del software Android suministrado por Google y\/o cualquier error o falla de software. LOGIC no provee soporte para el sistema operativo Android, ni ofrece soporte t\u00e9cnico ni se responsabiliza por cualquier software Android o software basado en Android u otros software de terceros que el usuario pueda descargar, instalar y\/o comprar.\nDurante el servicio de garant\u00eda, LOGIC y sus Centros Autorizados podr\u00e1n reparar el producto usando partes nuevas o reacondicionadas. Las partes defectuosas remplazadas ser\u00e1n propiedad de LOGIC.\nLOGIC y sus Centros Autorizados de Servicio se reservan el derecho de rechazar una garant\u00eda si el producto no se ajusta a los t\u00e9rminos y condiciones establecidos en esta P\u00f3liza de Garant\u00eda Limitada. En este caso el Cliente recibir\u00e1 una cotizaci\u00f3n de reparaci\u00f3n y podr\u00e1 libremente optar por reparar el producto o recibirlo devuelta en las mismas condiciones como enviado.<\/p><p>NOTE: Antes de enviar el producto a LOGIC, por favor respalde su informaci\u00f3n o datos desde el producto y retire cualquier medio de almacenamiento. LOGIC no asume ninguna responsabilidad por p\u00e9rdidas de datos o software.<\/p><p><span style=\"color: #000000;\"><strong>ESTA GARANT\u00cdA LIMITADA LE OTORGA DERECHOS LEGALES ESPEC\u00cdFICOS Y USTED QUIZAS PUEDA TENER OTROS DERECHOS QUE VARIAN DE ESTADO EN ESTADO O DE PAIS EN PAIS. LA RESPONSIBILIDAD DE LOGIC POR EL FUNCIONAMIENTO INCORRECTO DEL HARDWARE DE ESTE PRODUCTO ESTA LIMITADA A LA REPARACION O REMPLAZO SEG\u00daN LO ESTABLECE ESTA POLIZA DE GARANTIA. TODAS LAS GARANTIAS EXPRESAS E IMPL\u00cdCITAS PARA EL PRODUCTO, INCLUYENDO PERO NO LIMITADO A CUALQUIER GARANTIA IMPL\u00cdCITA Y CONDICIONES DE COMERCIALIZACION E IDONEIDAD PARA UN PROPOSITO PARTICUALR, EST\u00c1 LIMITADA SOLO AL PERIODO DE GARANTIA DECLARADO ANTERIORMENTE Y NINGUNA OTRA GARANTIA NI EXPRESA NI EXPLICITA SE APLICAR\u00c1 DESPUES DE DICHO PERIODO. ALGUNOS ESTADOS O PAISES NO PERMITEN LIMITACIONES SOBRE CU\u00c1NTO DURA UNA GARANT\u00cdA IMPL\u00cdCITA, POR LO QUE LA LIMITACION ANTERIOR PUEDE NO SER APLICABLE PARA USTED. L\u00d3GIC NO ACEPTA RESPONSABILIDAD M\u00c1S ALL\u00c1 DE LAS COMPENSACIONES ESTABLECIDAS EN ESTA P\u00d3LIZA DE GARANTIA LIMITADA O RESPONSABILIDADES POR DA\u00d1OS INCIDENTALES O CONSECUENTES, INCLUYENDO SIN LIMITACI\u00d3N, CUALQUIER RESPONSABILIDAD POR PRODUCTOS INHABILITADOS PARA SU USO O POR P\u00c9RDIDA DE DATOS O SOFTWARE. ALGUNOS ESTADOS O PA\u00cdSES NO PERMITEN LA EXCLUSI\u00d3N O LIMITACI\u00d3N DE DA\u00d1OS INCIDENTALES O CONSECUENTES, DE MODO QUE LA EXCLUSI\u00d3N O LIMITACI\u00d3N ANTERIOR NO SEA APLICABLE PARA USTED.<\/strong><\/span><\/p><\/div>\n\t\t\t\t<\/div>\n\t\t\t\t\t\t\t<div class=\"elementor-toggle-item\">\n\t\t\t\t\t<div id=\"elementor-tab-title-3386\" class=\"elementor-tab-title\" data-tab=\"6\" role=\"button\" aria-controls=\"elementor-tab-content-3386\" aria-expanded=\"false\">\n\t\t\t\t\t\t\t\t\t\t\t\t<span class=\"elementor-toggle-icon elementor-toggle-icon-left\" aria-hidden=\"true\">\n\t\t\t\t\t\t\t\t\t\t\t\t\t\t\t<span class=\"elementor-toggle-icon-closed\"><svg class=\"e-font-icon-svg e-fas-plus\" viewbox=\"0 0 448 512\" xmlns=\"http:\/\/www.w3.org\/2000\/svg\"><path d=\"M416 208H272V64c0-17.67-14.33-32-32-32h-32c-17.67 0-32 14.33-32 32v144H32c-17.67 0-32 14.33-32 32v32c0 17.67 14.33 32 32 32h144v144c0 17.67 14.33 32 32 32h32c17.67 0 32-14.33 32-32V304h144c17.67 0 32-14.33 32-32v-32c0-17.67-14.33-32-32-32z\"><\/path><\/svg><\/span>\n\t\t\t\t\t\t\t\t<span class=\"elementor-toggle-icon-opened\"><svg class=\"elementor-toggle-icon-opened e-font-icon-svg e-fas-minus\" viewbox=\"0 0 448 512\" xmlns=\"http:\/\/www.w3.org\/2000\/svg\"><path d=\"M416 208H32c-17.67 0-32 14.33-32 32v32c0 17.67 14.33 32 32 32h384c17.67 0 32-14.33 32-32v-32c0-17.67-14.33-32-32-32z\"><\/path><\/svg><\/span>\n\t\t\t\t\t\t\t\t\t\t\t\t\t<\/span>\n\t\t\t\t\t\t\t\t\t\t\t\t<a class=\"elementor-toggle-title\" tabindex=\"0\">Descargue la P\u00f3liza de Garant\u00eda Limitada<\/a>\n\t\t\t\t\t<\/div>\n\n\t\t\t\t\t<div id=\"elementor-tab-content-3386\" class=\"elementor-tab-content elementor-clearfix\" data-tab=\"6\" role=\"region\" aria-labelledby=\"elementor-tab-title-3386\"><a href=\"https:\/\/logicmobility.com\/wp-content\/uploads\/2020\/10\/LOGIC-Limited-Warranty-Policy-ENG-SPA-201509-10.pdf\" target=\"_blank\" rel=\"noopener\"><img decoding=\"async\" class=\"alignleft wp-image-32599\" src=\"https:\/\/logicmobility.com\/wp-content\/uploads\/2020\/10\/pdf-icon-copy-150x150-1.png\" alt=\"\" width=\"100\" height=\"100\" srcset=\"https:\/\/www.logicmobility.com\/wp-content\/uploads\/2020\/10\/pdf-icon-copy-150x150-1.png 150w, https:\/\/www.logicmobility.com\/wp-content\/uploads\/2020\/10\/pdf-icon-copy-150x150-1-100x100.png 100w\" sizes=\"(max-width: 100px) 100vw, 100px\" \/><\/a>\n\n<a href=\"http:\/\/logicmobility.com\/wp-content\/uploads\/2015\/09\/LOGIC-Limited-Warranty-Policy-ENG-SPA-201509-10.pdf\" target=\"_blank\" rel=\"noopener\">P\u00f3liza de Garant\u00eda Limitada de LOGIC (143 KB)<\/a><\/div>\n\t\t\t\t<\/div>\n\t\t\t\t\t\t\t\t<\/div>\n\t\t\t\t\t\t<\/div>\n\t\t\t\t\t<\/div>\n\t\t<\/div>\n\t\t\t\t\t<\/div>\n\t\t<\/section>\n\t\t\t\t<\/div>","protected":false},"excerpt":{"rendered":"<p>LIMITED WARRANTY When you purchase a high-quality LOGIC product you also purchase piece of mind with our full factory warranty. Limited Warranty Terms and Conditions Every Logic product comes with the service and support you deserve. Just take a look at everything you receive. LOGIC warrants that their Products will be free from defects in [&hellip;]<\/p>\n","protected":false},"author":1,"featured_media":0,"parent":0,"menu_order":0,"comment_status":"closed","ping_status":"closed","template":"elementor_header_footer","meta":{"footnotes":""},"class_list":["post-32593","page","type-page","status-publish","hentry"],"aioseo_notices":[],"_links":{"self":[{"href":"https:\/\/www.logicmobility.com\/es\/wp-json\/wp\/v2\/pages\/32593","targetHints":{"allow":["GET"]}}],"collection":[{"href":"https:\/\/www.logicmobility.com\/es\/wp-json\/wp\/v2\/pages"}],"about":[{"href":"https:\/\/www.logicmobility.com\/es\/wp-json\/wp\/v2\/types\/page"}],"author":[{"embeddable":true,"href":"https:\/\/www.logicmobility.com\/es\/wp-json\/wp\/v2\/users\/1"}],"replies":[{"embeddable":true,"href":"https:\/\/www.logicmobility.com\/es\/wp-json\/wp\/v2\/comments?post=32593"}],"version-history":[{"count":0,"href":"https:\/\/www.logicmobility.com\/es\/wp-json\/wp\/v2\/pages\/32593\/revisions"}],"wp:attachment":[{"href":"https:\/\/www.logicmobility.com\/es\/wp-json\/wp\/v2\/media?parent=32593"}],"curies":[{"name":"wp","href":"https:\/\/api.w.org\/{rel}","templated":true}]}}