{"id":36358,"date":"2020-11-28T16:26:19","date_gmt":"2020-11-28T16:26:19","guid":{"rendered":"https:\/\/new.logicmobility.com\/?page_id=36358"},"modified":"2024-05-24T22:22:00","modified_gmt":"2024-05-24T22:22:00","slug":"audio","status":"publish","type":"page","link":"https:\/\/www.logicmobility.com\/es\/technicalsupport\/audio\/","title":{"rendered":"Audio"},"content":{"rendered":"<div data-elementor-type=\"wp-page\" data-elementor-id=\"36358\" class=\"elementor elementor-36358\" data-elementor-post-type=\"page\">\n\t\t\t\t<div class=\"elementor-element elementor-element-59f5a8b e-flex e-con-boxed e-con e-parent\" data-id=\"59f5a8b\" data-element_type=\"container\" data-e-type=\"container\" data-settings=\"{&quot;background_background&quot;:&quot;classic&quot;}\">\n\t\t\t\t\t<div class=\"e-con-inner\">\n\t\t<div class=\"elementor-element elementor-element-5bd7e9d elementor-hidden-desktop elementor-hidden-tablet elementor-hidden-mobile e-flex e-con-boxed e-con e-child\" data-id=\"5bd7e9d\" data-element_type=\"container\" data-e-type=\"container\" data-settings=\"{&quot;background_background&quot;:&quot;classic&quot;}\">\n\t\t\t\t\t<div class=\"e-con-inner\">\n\t\t<div class=\"elementor-element elementor-element-922f692 e-con-full e-flex e-con e-child\" data-id=\"922f692\" data-element_type=\"container\" data-e-type=\"container\">\n\t\t\t\t<div class=\"elementor-element elementor-element-63e03d5 premium-header-inline premium-header-inline premium-header-inline premium-lq__none premium-box-lq__none elementor-invisible elementor-widget elementor-widget-premium-addon-dual-header\" data-id=\"63e03d5\" data-element_type=\"widget\" data-e-type=\"widget\" data-settings=\"{&quot;_animation&quot;:&quot;fadeIn&quot;}\" data-widget_type=\"premium-addon-dual-header.default\">\n\t\t\t\t\t\n\t\t<div class=\"elementor-widget-container\">\n\t\t\t\t\t<h2 class=\"premium-dual-header-first-header\"><span class=\"premium-dual-header-first-span\">Limited  <\/span><span class=\"premium-dual-header-second-header\">Warranty <\/span><\/h2> \t\t\t\t<\/div>\n\n\t\t\t\t\t\t<\/div>\n\t\t\t\t<div class=\"elementor-element elementor-element-1175b9c elementor-invisible elementor-widget elementor-widget-text-editor\" data-id=\"1175b9c\" data-element_type=\"widget\" data-e-type=\"widget\" data-settings=\"{&quot;_animation&quot;:&quot;fadeIn&quot;}\" data-widget_type=\"text-editor.default\">\n\t\t\t\t\t<style>.elementor-element-1175b9c{display:none !important}<\/style>\t\t\t\t<\/div>\n\t\t\t\t<div class=\"elementor-element elementor-element-60f6f02 elementor-invisible elementor-widget elementor-widget-text-editor\" data-id=\"60f6f02\" data-element_type=\"widget\" data-e-type=\"widget\" data-settings=\"{&quot;_animation&quot;:&quot;fadeIn&quot;}\" data-widget_type=\"text-editor.default\">\n\t\t\t\t\t\t\t\t\tCuando compras un producto Logic, adquieres tranquilidad y garant\u00eda de f\u00e1brica.\n\t\t\t\t\t\t\t\t<\/div>\n\t\t\t\t<\/div>\n\t\t<div class=\"elementor-element elementor-element-319eb88 e-con-full e-flex e-con e-child\" data-id=\"319eb88\" data-element_type=\"container\" data-e-type=\"container\" data-settings=\"{&quot;background_background&quot;:&quot;classic&quot;}\">\n\t\t\t\t<div class=\"elementor-element elementor-element-63edf46 elementor-invisible elementor-widget elementor-widget-image\" data-id=\"63edf46\" data-element_type=\"widget\" data-e-type=\"widget\" data-settings=\"{&quot;_animation&quot;:&quot;fadeIn&quot;}\" data-widget_type=\"image.default\">\n\t\t\t\t\t\t\t\t\t\t\t\t\t\t\t<img fetchpriority=\"high\" decoding=\"async\" width=\"1920\" height=\"1109\" src=\"https:\/\/www.logicmobility.com\/wp-content\/uploads\/2023\/01\/img_header_logic_products_2023_.jpg\" class=\"attachment-full size-full wp-image-81114\" alt=\"\" srcset=\"https:\/\/www.logicmobility.com\/wp-content\/uploads\/2023\/01\/img_header_logic_products_2023_.jpg 1920w, https:\/\/www.logicmobility.com\/wp-content\/uploads\/2023\/01\/img_header_logic_products_2023_-300x173.jpg 300w, https:\/\/www.logicmobility.com\/wp-content\/uploads\/2023\/01\/img_header_logic_products_2023_-1024x591.jpg 1024w, https:\/\/www.logicmobility.com\/wp-content\/uploads\/2023\/01\/img_header_logic_products_2023_-768x444.jpg 768w, https:\/\/www.logicmobility.com\/wp-content\/uploads\/2023\/01\/img_header_logic_products_2023_-1536x887.jpg 1536w, https:\/\/www.logicmobility.com\/wp-content\/uploads\/2023\/01\/img_header_logic_products_2023_-18x10.jpg 18w\" sizes=\"(max-width: 1920px) 100vw, 1920px\" \/>\t\t\t\t\t\t\t\t\t\t\t\t\t\t\t<\/div>\n\t\t\t\t<\/div>\n\t\t\t\t\t<\/div>\n\t\t\t\t<\/div>\n\t\t<div class=\"elementor-element elementor-element-17261ea e-flex e-con-boxed e-con e-child\" data-id=\"17261ea\" data-element_type=\"container\" data-e-type=\"container\" data-settings=\"{&quot;background_background&quot;:&quot;classic&quot;}\">\n\t\t\t\t\t<div class=\"e-con-inner\">\n\t\t<div class=\"elementor-element elementor-element-6c96234 e-con-full e-flex e-con e-child\" data-id=\"6c96234\" data-element_type=\"container\" data-e-type=\"container\">\n\t\t\t\t<div class=\"elementor-element elementor-element-6ece1d4 elementor-widget__width-inherit elementor-position-inline-start elementor-tablet-position-block-start elementor-view-default elementor-mobile-position-block-start elementor-widget elementor-widget-icon-box\" data-id=\"6ece1d4\" data-element_type=\"widget\" data-e-type=\"widget\" data-widget_type=\"icon-box.default\">\n\t\t\t\t\t<style>.elementor-element-6ece1d4{display:none !important}<\/style>\t\t\t\t<\/div>\n\t\t\t\t<div class=\"elementor-element elementor-element-9563729 elementor-widget__width-inherit elementor-position-inline-start elementor-tablet-position-block-start elementor-view-default elementor-mobile-position-block-start elementor-widget elementor-widget-icon-box\" data-id=\"9563729\" data-element_type=\"widget\" data-e-type=\"widget\" data-widget_type=\"icon-box.default\">\n\t\t\t\t\t\t\t<div class=\"elementor-icon-box-wrapper\">\n\n\t\t\t\t\t\t<div class=\"elementor-icon-box-icon\">\n\t\t\t\t<a href=\"\/es\/technicalsupport\/audio\/\" class=\"elementor-icon\" tabindex=\"-1\" aria-label=\"Audio\">\n\t\t\t\t<svg xmlns=\"http:\/\/www.w3.org\/2000\/svg\" width=\"1311\" height=\"1311\" viewbox=\"0 0 1311 1311\" fill=\"none\"><circle cx=\"655.5\" cy=\"655.5\" r=\"655.5\" fill=\"#E42227\"><\/circle><path d=\"M596.222 834.169L596.234 881.556C596.24 911.615 559.007 925.643 539.179 903.054L435.748 785.214C429.56 778.167 420.642 774.129 411.264 774.129H401.014C383.021 774.129 368.442 759.544 368.442 741.557V565.674C368.442 555 377.094 546.348 387.768 546.348C396.407 546.348 404.695 542.916 410.804 536.807L540.62 406.991C561.144 386.467 596.228 401.003 596.228 430.028V834.175L596.222 834.169Z\" fill=\"white\"><\/path><path d=\"M345.599 548.129V763.455L331.505 755.748C321.867 750.475 316 741.139 316 731.077V580.21C316 569.966 322.085 560.485 332.001 555.273L345.599 548.129Z\" fill=\"white\"><\/path><path d=\"M596.222 734.364V577.219L611.043 586.882C620.264 592.894 625.822 603.156 625.822 614.168V693.697C625.822 703.094 621.765 712.036 614.688 718.217L596.222 734.364Z\" fill=\"white\"><\/path><path d=\"M774.139 658.498C774.139 715.293 745.617 765.423 702.124 795.355C685.559 806.755 662.704 800.216 654.634 781.799L654.531 781.557C648.337 767.42 653.163 750.971 665.864 742.192C692.406 723.848 709.8 693.207 709.8 658.492C709.8 626.271 694.81 597.55 671.422 578.927C660.845 570.505 656.844 556.247 661.287 543.479L661.378 543.218C668.607 522.416 694.259 514.848 711.483 528.573C749.668 558.99 774.145 605.886 774.145 658.498H774.139Z\" fill=\"white\"><\/path><path d=\"M774.139 658.498C774.139 715.293 745.617 765.423 702.124 795.355C685.559 806.755 662.704 800.216 654.634 781.799L654.531 781.557C648.337 767.42 653.163 750.971 665.864 742.192C692.406 723.848 709.8 693.207 709.8 658.492C709.8 626.271 694.81 597.55 671.422 578.927C660.845 570.505 656.844 556.247 661.287 543.479L661.378 543.218C668.607 522.416 694.259 514.848 711.483 528.573C749.668 558.99 774.145 605.886 774.145 658.498H774.139Z\" fill=\"white\"><\/path><path d=\"M654.628 781.799L654.525 781.557C648.331 767.42 653.157 750.971 665.858 742.192C692.4 723.848 709.794 693.207 709.794 658.492C709.794 626.271 694.804 597.55 671.416 578.927C660.839 570.505 656.838 556.247 661.281 543.479L661.372 543.218C668.601 522.416 694.253 514.848 711.477 528.573C749.662 558.99 774.139 605.886 774.139 658.498C774.139 715.293 745.617 765.423 702.124 795.355C685.559 806.755 662.704 800.216 654.634 781.799H654.628Z\" fill=\"white\"><\/path><path d=\"M892.53 658.498C892.53 764.847 834.167 857.557 747.718 906.348C731.196 915.672 710.236 908.673 702.62 891.303L701.99 889.874C695.391 874.817 701.258 857.205 715.57 849.117C782.028 811.568 826.89 740.279 826.89 658.504C826.89 576.729 781.979 505.367 715.467 467.837C701.96 460.214 695.827 444.043 700.919 429.392L701.439 427.903C708.002 409.026 730.04 400.707 747.452 410.509C834.046 459.258 892.524 552.052 892.524 658.504L892.53 658.498Z\" fill=\"white\"><\/path><path d=\"M654.628 781.799L654.525 781.557C648.331 767.42 653.157 750.971 665.858 742.192C692.4 723.848 709.794 693.207 709.794 658.492C709.794 626.271 694.804 597.55 671.416 578.927C660.839 570.505 656.838 556.247 661.281 543.479L661.372 543.218C668.601 522.416 694.253 514.848 711.477 528.573C749.662 558.99 774.139 605.886 774.139 658.498C774.139 715.293 745.617 765.423 702.124 795.355C685.559 806.755 662.704 800.216 654.634 781.799H654.628Z\" fill=\"white\"><\/path><path d=\"M892.53 658.498C892.53 764.847 834.167 857.557 747.718 906.348C731.196 915.672 710.236 908.673 702.62 891.303L701.99 889.874C695.391 874.817 701.258 857.205 715.57 849.117C782.028 811.568 826.89 740.279 826.89 658.504C826.89 576.729 781.979 505.367 715.467 467.837C701.96 460.214 695.827 444.043 700.919 429.392L701.439 427.903C708.002 409.026 730.04 400.707 747.452 410.509C834.046 459.258 892.524 552.052 892.524 658.504L892.53 658.498Z\" fill=\"white\"><\/path><path d=\"M654.628 781.799L654.525 781.557C648.331 767.42 653.157 750.971 665.858 742.192C692.4 723.848 709.794 693.207 709.794 658.492C709.794 626.271 694.804 597.55 671.416 578.927C660.839 570.505 656.838 556.247 661.281 543.479L661.372 543.218C668.601 522.416 694.253 514.848 711.477 528.573C749.662 558.99 774.139 605.886 774.139 658.498C774.139 715.293 745.617 765.423 702.124 795.355C685.559 806.755 662.704 800.216 654.634 781.799H654.628Z\" fill=\"white\"><\/path><path d=\"M702.626 891.303L701.996 889.874C695.397 874.817 701.264 857.205 715.576 849.117C782.034 811.568 826.896 740.279 826.896 658.504C826.896 576.729 781.985 505.367 715.473 467.837C701.966 460.214 695.833 444.043 700.925 429.392L701.446 427.903C708.008 409.026 730.046 400.707 747.458 410.509C834.052 459.258 892.531 552.052 892.531 658.504C892.531 764.956 834.167 857.563 747.718 906.354C731.196 915.678 710.236 908.679 702.62 891.309L702.626 891.303Z\" fill=\"white\"><\/path><path d=\"M994.2 658.498C994.2 814.317 916.124 950.302 800.185 1022.73C783.638 1033.06 761.77 1026.23 753.936 1008.37L753.27 1006.84C746.822 992.131 752.259 974.925 765.99 966.588C865.286 906.312 932.428 790.929 932.428 658.498C932.428 526.067 861.642 404.521 757.944 345.686C744.449 338.027 738.28 321.886 743.371 307.235L743.971 305.515C750.606 286.42 773.019 278.217 790.48 288.412C911.741 359.193 994.194 498.374 994.194 658.498H994.2Z\" fill=\"white\"><\/path><\/svg>\t\t\t\t<\/a>\n\t\t\t<\/div>\n\t\t\t\n\t\t\t\t\t\t<div class=\"elementor-icon-box-content\">\n\n\t\t\t\t\t\t\t\t\t<h1 class=\"elementor-icon-box-title\">\n\t\t\t\t\t\t<a href=\"\/es\/technicalsupport\/audio\/\" >\n\t\t\t\t\t\t\tAudio\t\t\t\t\t\t<\/a>\n\t\t\t\t\t<\/h1>\n\t\t\t\t\n\t\t\t\t\t\t\t\t\t<p class=\"elementor-icon-box-description\">\n\t\t\t\t\t\tC\u00f3mo se puede mejorar.\t\t\t\t\t<\/p>\n\t\t\t\t\n\t\t\t<\/div>\n\t\t\t\n\t\t<\/div>\n\t\t\t\t\t\t<\/div>\n\t\t\t\t<\/div>\n\t\t\t\t\t<\/div>\n\t\t\t\t<\/div>\n\t\t<div class=\"elementor-element elementor-element-9bedb79 e-flex e-con-boxed e-con e-child\" data-id=\"9bedb79\" data-element_type=\"container\" data-e-type=\"container\">\n\t\t\t\t\t<div class=\"e-con-inner\">\n\t\t\t\t<div class=\"elementor-element elementor-element-3773046 elementor-invisible elementor-widget elementor-widget-toggle\" data-id=\"3773046\" data-element_type=\"widget\" data-e-type=\"widget\" data-settings=\"{&quot;_animation&quot;:&quot;bounce&quot;}\" data-widget_type=\"toggle.default\">\n\t\t\t\t\t\t\t<div class=\"elementor-toggle\">\n\t\t\t\t\t\t\t<div class=\"elementor-toggle-item\">\n\t\t\t\t\t<div id=\"elementor-tab-title-5811\" class=\"elementor-tab-title\" data-tab=\"1\" role=\"button\" aria-controls=\"elementor-tab-content-5811\" aria-expanded=\"false\">\n\t\t\t\t\t\t\t\t\t\t\t\t<span class=\"elementor-toggle-icon elementor-toggle-icon-left\" aria-hidden=\"true\">\n\t\t\t\t\t\t\t\t\t\t\t\t\t\t\t<span class=\"elementor-toggle-icon-closed\"><svg class=\"e-font-icon-svg e-fas-plus\" viewbox=\"0 0 448 512\" xmlns=\"http:\/\/www.w3.org\/2000\/svg\"><path d=\"M416 208H272V64c0-17.67-14.33-32-32-32h-32c-17.67 0-32 14.33-32 32v144H32c-17.67 0-32 14.33-32 32v32c0 17.67 14.33 32 32 32h144v144c0 17.67 14.33 32 32 32h32c17.67 0 32-14.33 32-32V304h144c17.67 0 32-14.33 32-32v-32c0-17.67-14.33-32-32-32z\"><\/path><\/svg><\/span>\n\t\t\t\t\t\t\t\t<span class=\"elementor-toggle-icon-opened\"><svg class=\"elementor-toggle-icon-opened e-font-icon-svg e-fas-minus\" viewbox=\"0 0 448 512\" xmlns=\"http:\/\/www.w3.org\/2000\/svg\"><path d=\"M416 208H32c-17.67 0-32 14.33-32 32v32c0 17.67 14.33 32 32 32h384c17.67 0 32-14.33 32-32v-32c0-17.67-14.33-32-32-32z\"><\/path><\/svg><\/span>\n\t\t\t\t\t\t\t\t\t\t\t\t\t<\/span>\n\t\t\t\t\t\t\t\t\t\t\t\t<a class=\"elementor-toggle-title\" tabindex=\"0\">Durante una llamada o usando Multimedia, no puedo escuchar nada en el parlante o el altavoz.<\/a>\n\t\t\t\t\t<\/div>\n\n\t\t\t\t\t<div id=\"elementor-tab-content-5811\" class=\"elementor-tab-content elementor-clearfix\" data-tab=\"1\" role=\"region\" aria-labelledby=\"elementor-tab-title-5811\"><p>Usando los botones de volumen, presionar VOLUMEN ARRIBA hasta que puedo escuchar el audio de la llamada o multimedia.<\/p><\/div>\n\t\t\t\t<\/div>\n\t\t\t\t\t\t\t<div class=\"elementor-toggle-item\">\n\t\t\t\t\t<div id=\"elementor-tab-title-5812\" class=\"elementor-tab-title\" data-tab=\"2\" role=\"button\" aria-controls=\"elementor-tab-content-5812\" aria-expanded=\"false\">\n\t\t\t\t\t\t\t\t\t\t\t\t<span class=\"elementor-toggle-icon elementor-toggle-icon-left\" aria-hidden=\"true\">\n\t\t\t\t\t\t\t\t\t\t\t\t\t\t\t<span class=\"elementor-toggle-icon-closed\"><svg class=\"e-font-icon-svg e-fas-plus\" viewbox=\"0 0 448 512\" xmlns=\"http:\/\/www.w3.org\/2000\/svg\"><path d=\"M416 208H272V64c0-17.67-14.33-32-32-32h-32c-17.67 0-32 14.33-32 32v144H32c-17.67 0-32 14.33-32 32v32c0 17.67 14.33 32 32 32h144v144c0 17.67 14.33 32 32 32h32c17.67 0 32-14.33 32-32V304h144c17.67 0 32-14.33 32-32v-32c0-17.67-14.33-32-32-32z\"><\/path><\/svg><\/span>\n\t\t\t\t\t\t\t\t<span class=\"elementor-toggle-icon-opened\"><svg class=\"elementor-toggle-icon-opened e-font-icon-svg e-fas-minus\" viewbox=\"0 0 448 512\" xmlns=\"http:\/\/www.w3.org\/2000\/svg\"><path d=\"M416 208H32c-17.67 0-32 14.33-32 32v32c0 17.67 14.33 32 32 32h384c17.67 0 32-14.33 32-32v-32c0-17.67-14.33-32-32-32z\"><\/path><\/svg><\/span>\n\t\t\t\t\t\t\t\t\t\t\t\t\t<\/span>\n\t\t\t\t\t\t\t\t\t\t\t\t<a class=\"elementor-toggle-title\" tabindex=\"0\">Durante una llamada, escucho un sonido met\u00e1lico o intermitente de la otra persona con la que estoy hablando.<\/a>\n\t\t\t\t\t<\/div>\n\n\t\t\t\t\t<div id=\"elementor-tab-content-5812\" class=\"elementor-tab-content elementor-clearfix\" data-tab=\"2\" role=\"region\" aria-labelledby=\"elementor-tab-title-5812\"><p>Colgar la llamada, cambiar de ubicaci\u00f3n y llamar a la persona nuevamente. Puede usar el altavoz para reconfirmar si es un problema de audio o un problema de red. Si el problema persiste en cualquier ubicaci\u00f3n con el parlante y con el altavoz, por favor contactar a su Centro de Servicio Autorizado o visite Logicmobility.com y busque en Soporte T\u00e9cnico para m\u00e1s informaci\u00f3n.<\/p><\/div>\n\t\t\t\t<\/div>\n\t\t\t\t\t\t\t\t<\/div>\n\t\t\t\t\t\t<\/div>\n\t\t\t\t\t<\/div>\n\t\t\t\t<\/div>\n\t\t\t\t\t<\/div>\n\t\t\t\t<\/div>\n\t\t\t\t<\/div>","protected":false},"excerpt":{"rendered":"<p>Limited Warranty When you purchase a high-quality LOGIC product you also purchase piece of mind with our full factory warranty.Cuando compras un producto Logic, adquieres tranquilidad y garant\u00eda de f\u00e1brica. Audio How to improve. During a call or while playing multimedia content there is no sound coming from the speaker or earpiece. Using the volume [&hellip;]<\/p>\n","protected":false},"author":1,"featured_media":0,"parent":32794,"menu_order":0,"comment_status":"closed","ping_status":"closed","template":"elementor_header_footer","meta":{"footnotes":""},"class_list":["post-36358","page","type-page","status-publish","hentry"],"aioseo_notices":[],"_links":{"self":[{"href":"https:\/\/www.logicmobility.com\/es\/wp-json\/wp\/v2\/pages\/36358","targetHints":{"allow":["GET"]}}],"collection":[{"href":"https:\/\/www.logicmobility.com\/es\/wp-json\/wp\/v2\/pages"}],"about":[{"href":"https:\/\/www.logicmobility.com\/es\/wp-json\/wp\/v2\/types\/page"}],"author":[{"embeddable":true,"href":"https:\/\/www.logicmobility.com\/es\/wp-json\/wp\/v2\/users\/1"}],"replies":[{"embeddable":true,"href":"https:\/\/www.logicmobility.com\/es\/wp-json\/wp\/v2\/comments?post=36358"}],"version-history":[{"count":0,"href":"https:\/\/www.logicmobility.com\/es\/wp-json\/wp\/v2\/pages\/36358\/revisions"}],"up":[{"embeddable":true,"href":"https:\/\/www.logicmobility.com\/es\/wp-json\/wp\/v2\/pages\/32794"}],"wp:attachment":[{"href":"https:\/\/www.logicmobility.com\/es\/wp-json\/wp\/v2\/media?parent=36358"}],"curies":[{"name":"wp","href":"https:\/\/api.w.org\/{rel}","templated":true}]}}