{"id":36363,"date":"2020-11-30T13:43:41","date_gmt":"2020-11-30T13:43:41","guid":{"rendered":"https:\/\/new.logicmobility.com\/?page_id=36363"},"modified":"2024-05-24T22:27:46","modified_gmt":"2024-05-24T22:27:46","slug":"battery","status":"publish","type":"page","link":"https:\/\/www.logicmobility.com\/es\/technicalsupport\/battery\/","title":{"rendered":"Bater\u00eda"},"content":{"rendered":"<div data-elementor-type=\"wp-page\" data-elementor-id=\"36363\" class=\"elementor elementor-36363\" data-elementor-post-type=\"page\">\n\t\t\t\t<div class=\"elementor-element elementor-element-0c9bbd1 e-flex e-con-boxed e-con e-parent\" data-id=\"0c9bbd1\" data-element_type=\"container\" data-e-type=\"container\" data-settings=\"{&quot;background_background&quot;:&quot;classic&quot;}\">\n\t\t\t\t\t<div class=\"e-con-inner\">\n\t\t<div class=\"elementor-element elementor-element-509de0b elementor-hidden-desktop elementor-hidden-tablet elementor-hidden-mobile e-flex e-con-boxed e-con e-child\" data-id=\"509de0b\" data-element_type=\"container\" data-e-type=\"container\" data-settings=\"{&quot;background_background&quot;:&quot;classic&quot;}\">\n\t\t\t\t\t<div class=\"e-con-inner\">\n\t\t<div class=\"elementor-element elementor-element-05fe62b e-con-full e-flex e-con e-child\" data-id=\"05fe62b\" data-element_type=\"container\" data-e-type=\"container\">\n\t\t\t\t<div class=\"elementor-element elementor-element-41d7ae2 premium-header-inline premium-header-inline premium-header-inline premium-lq__none premium-box-lq__none elementor-invisible elementor-widget elementor-widget-premium-addon-dual-header\" data-id=\"41d7ae2\" data-element_type=\"widget\" data-e-type=\"widget\" data-settings=\"{&quot;_animation&quot;:&quot;fadeIn&quot;}\" data-widget_type=\"premium-addon-dual-header.default\">\n\t\t\t\t\t\n\t\t<div class=\"elementor-widget-container\">\n\t\t\t\t\t<h2 class=\"premium-dual-header-first-header\"><span class=\"premium-dual-header-first-span\">Limited  <\/span><span class=\"premium-dual-header-second-header\">Warranty <\/span><\/h2> \t\t\t\t<\/div>\n\n\t\t\t\t\t\t<\/div>\n\t\t\t\t<div class=\"elementor-element elementor-element-e4f5ab4 elementor-invisible elementor-widget elementor-widget-text-editor\" data-id=\"e4f5ab4\" data-element_type=\"widget\" data-e-type=\"widget\" data-settings=\"{&quot;_animation&quot;:&quot;fadeIn&quot;}\" data-widget_type=\"text-editor.default\">\n\t\t\t\t\t<style>.elementor-element-e4f5ab4{display:none !important}<\/style>\t\t\t\t<\/div>\n\t\t\t\t<div class=\"elementor-element elementor-element-4a6611d elementor-invisible elementor-widget elementor-widget-text-editor\" data-id=\"4a6611d\" data-element_type=\"widget\" data-e-type=\"widget\" data-settings=\"{&quot;_animation&quot;:&quot;fadeIn&quot;}\" data-widget_type=\"text-editor.default\">\n\t\t\t\t\t\t\t\t\tCuando compras un producto Logic, adquieres tranquilidad y garant\u00eda de f\u00e1brica.\n\t\t\t\t\t\t\t\t<\/div>\n\t\t\t\t<\/div>\n\t\t<div class=\"elementor-element elementor-element-3a4e9d2 e-con-full e-flex e-con e-child\" data-id=\"3a4e9d2\" data-element_type=\"container\" data-e-type=\"container\" data-settings=\"{&quot;background_background&quot;:&quot;classic&quot;}\">\n\t\t\t\t<div class=\"elementor-element elementor-element-12eceac elementor-invisible elementor-widget elementor-widget-image\" data-id=\"12eceac\" data-element_type=\"widget\" data-e-type=\"widget\" data-settings=\"{&quot;_animation&quot;:&quot;fadeIn&quot;}\" data-widget_type=\"image.default\">\n\t\t\t\t\t\t\t\t\t\t\t\t\t\t\t<img fetchpriority=\"high\" decoding=\"async\" width=\"1920\" height=\"1109\" src=\"https:\/\/www.logicmobility.com\/wp-content\/uploads\/2023\/01\/img_header_logic_products_2023_.jpg\" class=\"attachment-full size-full wp-image-81114\" alt=\"\" srcset=\"https:\/\/www.logicmobility.com\/wp-content\/uploads\/2023\/01\/img_header_logic_products_2023_.jpg 1920w, https:\/\/www.logicmobility.com\/wp-content\/uploads\/2023\/01\/img_header_logic_products_2023_-300x173.jpg 300w, https:\/\/www.logicmobility.com\/wp-content\/uploads\/2023\/01\/img_header_logic_products_2023_-1024x591.jpg 1024w, https:\/\/www.logicmobility.com\/wp-content\/uploads\/2023\/01\/img_header_logic_products_2023_-768x444.jpg 768w, https:\/\/www.logicmobility.com\/wp-content\/uploads\/2023\/01\/img_header_logic_products_2023_-1536x887.jpg 1536w, https:\/\/www.logicmobility.com\/wp-content\/uploads\/2023\/01\/img_header_logic_products_2023_-18x10.jpg 18w\" sizes=\"(max-width: 1920px) 100vw, 1920px\" \/>\t\t\t\t\t\t\t\t\t\t\t\t\t\t\t<\/div>\n\t\t\t\t<\/div>\n\t\t\t\t\t<\/div>\n\t\t\t\t<\/div>\n\t\t<div class=\"elementor-element elementor-element-c8de991 e-flex e-con-boxed e-con e-child\" data-id=\"c8de991\" data-element_type=\"container\" data-e-type=\"container\" data-settings=\"{&quot;background_background&quot;:&quot;classic&quot;}\">\n\t\t\t\t\t<div class=\"e-con-inner\">\n\t\t<div class=\"elementor-element elementor-element-16002cc e-con-full e-flex e-con e-child\" data-id=\"16002cc\" data-element_type=\"container\" data-e-type=\"container\">\n\t\t\t\t<div class=\"elementor-element elementor-element-8b6e3a1 elementor-widget__width-inherit elementor-position-inline-start elementor-tablet-position-block-start elementor-view-default elementor-mobile-position-block-start elementor-widget elementor-widget-icon-box\" data-id=\"8b6e3a1\" data-element_type=\"widget\" data-e-type=\"widget\" data-widget_type=\"icon-box.default\">\n\t\t\t\t\t<style>.elementor-element-8b6e3a1{display:none !important}<\/style>\t\t\t\t<\/div>\n\t\t\t\t<div class=\"elementor-element elementor-element-0f4b0a4 elementor-widget__width-inherit elementor-position-inline-start elementor-tablet-position-block-start elementor-view-default elementor-mobile-position-block-start elementor-widget elementor-widget-icon-box\" data-id=\"0f4b0a4\" data-element_type=\"widget\" data-e-type=\"widget\" data-widget_type=\"icon-box.default\">\n\t\t\t\t\t\t\t<div class=\"elementor-icon-box-wrapper\">\n\n\t\t\t\t\t\t<div class=\"elementor-icon-box-icon\">\n\t\t\t\t<a href=\"\/es\/technicalsupport\/battery\/\" class=\"elementor-icon\" tabindex=\"-1\" aria-label=\"Bater\u00eda\">\n\t\t\t\t<svg xmlns=\"http:\/\/www.w3.org\/2000\/svg\" width=\"1311\" height=\"1311\" viewbox=\"0 0 1311 1311\" fill=\"none\"><circle cx=\"655.5\" cy=\"655.5\" r=\"655.5\" fill=\"#E42227\"><\/circle><path d=\"M816 979C816 990.046 807.046 999 796 999H515C503.954 999 495 990.046 495 979L495 679.317C495 672.265 498.714 665.734 504.775 662.129L785.775 494.979C799.107 487.049 816 496.656 816 512.168V979Z\" fill=\"#E42227\"><\/path><mask id=\"path-3-inside-1_9_57\" fill=\"white\"><rect x=\"433\" y=\"339.323\" width=\"445\" height=\"737.258\" rx=\"22\"><\/rect><\/mask><rect x=\"433\" y=\"339.323\" width=\"445\" height=\"737.258\" rx=\"22\" stroke=\"white\" stroke-width=\"76\" mask=\"url(#path-3-inside-1_9_57)\"><\/rect><path d=\"M527 986V773.203L783 667.41V986H527Z\" fill=\"white\" stroke=\"white\" stroke-width=\"38\"><\/path><mask id=\"path-5-inside-2_9_57\" fill=\"white\"><rect x=\"582\" y=\"234\" width=\"146.588\" height=\"121.405\" rx=\"22\"><\/rect><\/mask><rect x=\"582\" y=\"234\" width=\"146.588\" height=\"121.405\" rx=\"22\" stroke=\"white\" stroke-width=\"76\" mask=\"url(#path-5-inside-2_9_57)\"><\/rect><\/svg>\t\t\t\t<\/a>\n\t\t\t<\/div>\n\t\t\t\n\t\t\t\t\t\t<div class=\"elementor-icon-box-content\">\n\n\t\t\t\t\t\t\t\t\t<h1 class=\"elementor-icon-box-title\">\n\t\t\t\t\t\t<a href=\"\/es\/technicalsupport\/battery\/\" >\n\t\t\t\t\t\t\tBater\u00eda\t\t\t\t\t\t<\/a>\n\t\t\t\t\t<\/h1>\n\t\t\t\t\n\t\t\t\t\t\t\t\t\t<p class=\"elementor-icon-box-description\">\n\t\t\t\t\t\tAumente al m\u00e1ximo su rendimiento.\t\t\t\t\t<\/p>\n\t\t\t\t\n\t\t\t<\/div>\n\t\t\t\n\t\t<\/div>\n\t\t\t\t\t\t<\/div>\n\t\t\t\t<\/div>\n\t\t\t\t\t<\/div>\n\t\t\t\t<\/div>\n\t\t<div class=\"elementor-element elementor-element-0dfabe4 e-flex e-con-boxed e-con e-child\" data-id=\"0dfabe4\" data-element_type=\"container\" data-e-type=\"container\">\n\t\t\t\t\t<div class=\"e-con-inner\">\n\t\t\t\t<div class=\"elementor-element elementor-element-e51d374 elementor-invisible elementor-widget elementor-widget-toggle\" data-id=\"e51d374\" data-element_type=\"widget\" data-e-type=\"widget\" data-settings=\"{&quot;_animation&quot;:&quot;bounce&quot;}\" data-widget_type=\"toggle.default\">\n\t\t\t\t\t\t\t<div class=\"elementor-toggle\">\n\t\t\t\t\t\t\t<div class=\"elementor-toggle-item\">\n\t\t\t\t\t<div id=\"elementor-tab-title-2401\" class=\"elementor-tab-title\" data-tab=\"1\" role=\"button\" aria-controls=\"elementor-tab-content-2401\" aria-expanded=\"false\">\n\t\t\t\t\t\t\t\t\t\t\t\t<span class=\"elementor-toggle-icon elementor-toggle-icon-left\" aria-hidden=\"true\">\n\t\t\t\t\t\t\t\t\t\t\t\t\t\t\t<span class=\"elementor-toggle-icon-closed\"><svg class=\"e-font-icon-svg e-fas-plus\" viewbox=\"0 0 448 512\" xmlns=\"http:\/\/www.w3.org\/2000\/svg\"><path d=\"M416 208H272V64c0-17.67-14.33-32-32-32h-32c-17.67 0-32 14.33-32 32v144H32c-17.67 0-32 14.33-32 32v32c0 17.67 14.33 32 32 32h144v144c0 17.67 14.33 32 32 32h32c17.67 0 32-14.33 32-32V304h144c17.67 0 32-14.33 32-32v-32c0-17.67-14.33-32-32-32z\"><\/path><\/svg><\/span>\n\t\t\t\t\t\t\t\t<span class=\"elementor-toggle-icon-opened\"><svg class=\"elementor-toggle-icon-opened e-font-icon-svg e-fas-minus\" viewbox=\"0 0 448 512\" xmlns=\"http:\/\/www.w3.org\/2000\/svg\"><path d=\"M416 208H32c-17.67 0-32 14.33-32 32v32c0 17.67 14.33 32 32 32h384c17.67 0 32-14.33 32-32v-32c0-17.67-14.33-32-32-32z\"><\/path><\/svg><\/span>\n\t\t\t\t\t\t\t\t\t\t\t\t\t<\/span>\n\t\t\t\t\t\t\t\t\t\t\t\t<a class=\"elementor-toggle-title\" tabindex=\"0\">Mi tel\u00e9fono celular no enciende.<\/a>\n\t\t\t\t\t<\/div>\n\n\t\t\t\t\t<div id=\"elementor-tab-content-2401\" class=\"elementor-tab-content elementor-clearfix\" data-tab=\"1\" role=\"region\" aria-labelledby=\"elementor-tab-title-2401\"><p>Por favor presione y mantenga presionado por algunos segundos el bot\u00f3n de Power. O remueva la bater\u00eda y reins\u00e9rtela, o trate cargando la bater\u00eda. Si est\u00e1s usando un cargador, aseg\u00farate que los cables est\u00e9n bien conectados.<\/p><\/div>\n\t\t\t\t<\/div>\n\t\t\t\t\t\t\t<div class=\"elementor-toggle-item\">\n\t\t\t\t\t<div id=\"elementor-tab-title-2402\" class=\"elementor-tab-title\" data-tab=\"2\" role=\"button\" aria-controls=\"elementor-tab-content-2402\" aria-expanded=\"false\">\n\t\t\t\t\t\t\t\t\t\t\t\t<span class=\"elementor-toggle-icon elementor-toggle-icon-left\" aria-hidden=\"true\">\n\t\t\t\t\t\t\t\t\t\t\t\t\t\t\t<span class=\"elementor-toggle-icon-closed\"><svg class=\"e-font-icon-svg e-fas-plus\" viewbox=\"0 0 448 512\" xmlns=\"http:\/\/www.w3.org\/2000\/svg\"><path d=\"M416 208H272V64c0-17.67-14.33-32-32-32h-32c-17.67 0-32 14.33-32 32v144H32c-17.67 0-32 14.33-32 32v32c0 17.67 14.33 32 32 32h144v144c0 17.67 14.33 32 32 32h32c17.67 0 32-14.33 32-32V304h144c17.67 0 32-14.33 32-32v-32c0-17.67-14.33-32-32-32z\"><\/path><\/svg><\/span>\n\t\t\t\t\t\t\t\t<span class=\"elementor-toggle-icon-opened\"><svg class=\"elementor-toggle-icon-opened e-font-icon-svg e-fas-minus\" viewbox=\"0 0 448 512\" xmlns=\"http:\/\/www.w3.org\/2000\/svg\"><path d=\"M416 208H32c-17.67 0-32 14.33-32 32v32c0 17.67 14.33 32 32 32h384c17.67 0 32-14.33 32-32v-32c0-17.67-14.33-32-32-32z\"><\/path><\/svg><\/span>\n\t\t\t\t\t\t\t\t\t\t\t\t\t<\/span>\n\t\t\t\t\t\t\t\t\t\t\t\t<a class=\"elementor-toggle-title\" tabindex=\"0\">La carga de mi bater\u00eda ya no dura tanto tiempo como sol\u00eda hacerlo.<\/a>\n\t\t\t\t\t<\/div>\n\n\t\t\t\t\t<div id=\"elementor-tab-content-2402\" class=\"elementor-tab-content elementor-clearfix\" data-tab=\"2\" role=\"region\" aria-labelledby=\"elementor-tab-title-2402\"><p>El tiempo de carga de una bater\u00eda es afectada, en su mayor\u00eda, por la se\u00f1al de entrada, uso de aplicaciones, el brillo de pantalla y el tiempo de protecci\u00f3n de pantalla (time out). En efecto, una baja se\u00f1al podr\u00eda resultar en un corto tiempo de duraci\u00f3n de la bater\u00eda. Tambi\u00e9n, si t\u00fa haces muchas llamadas o llamadas por mucho tiempo, navegas mucho tiempo en internet, etc., podr\u00eda resultar que la carga de la bater\u00eda se agote m\u00e1s r\u00e1pido. La brillantez de la pantalla es otro factor que reduce el tiempo de carga de la bater\u00eda. Por otro lado, si t\u00fa programas un adecuado tiempo de protecci\u00f3n de pantalla (time out) podr\u00edas ayudar a incrementar el tiempo de carga de tu bater\u00eda.<\/p><\/div>\n\t\t\t\t<\/div>\n\t\t\t\t\t\t\t<div class=\"elementor-toggle-item\">\n\t\t\t\t\t<div id=\"elementor-tab-title-2403\" class=\"elementor-tab-title\" data-tab=\"3\" role=\"button\" aria-controls=\"elementor-tab-content-2403\" aria-expanded=\"false\">\n\t\t\t\t\t\t\t\t\t\t\t\t<span class=\"elementor-toggle-icon elementor-toggle-icon-left\" aria-hidden=\"true\">\n\t\t\t\t\t\t\t\t\t\t\t\t\t\t\t<span class=\"elementor-toggle-icon-closed\"><svg class=\"e-font-icon-svg e-fas-plus\" viewbox=\"0 0 448 512\" xmlns=\"http:\/\/www.w3.org\/2000\/svg\"><path d=\"M416 208H272V64c0-17.67-14.33-32-32-32h-32c-17.67 0-32 14.33-32 32v144H32c-17.67 0-32 14.33-32 32v32c0 17.67 14.33 32 32 32h144v144c0 17.67 14.33 32 32 32h32c17.67 0 32-14.33 32-32V304h144c17.67 0 32-14.33 32-32v-32c0-17.67-14.33-32-32-32z\"><\/path><\/svg><\/span>\n\t\t\t\t\t\t\t\t<span class=\"elementor-toggle-icon-opened\"><svg class=\"elementor-toggle-icon-opened e-font-icon-svg e-fas-minus\" viewbox=\"0 0 448 512\" xmlns=\"http:\/\/www.w3.org\/2000\/svg\"><path d=\"M416 208H32c-17.67 0-32 14.33-32 32v32c0 17.67 14.33 32 32 32h384c17.67 0 32-14.33 32-32v-32c0-17.67-14.33-32-32-32z\"><\/path><\/svg><\/span>\n\t\t\t\t\t\t\t\t\t\t\t\t\t<\/span>\n\t\t\t\t\t\t\t\t\t\t\t\t<a class=\"elementor-toggle-title\" tabindex=\"0\">\u00bfC\u00f3mo cargo la bater\u00eda de mi dispositivo?<\/a>\n\t\t\t\t\t<\/div>\n\n\t\t\t\t\t<div id=\"elementor-tab-content-2403\" class=\"elementor-tab-content elementor-clearfix\" data-tab=\"3\" role=\"region\" aria-labelledby=\"elementor-tab-title-2403\"><p class=\"translation-block\">1. Conectar el cargador de pared con el cable USB.<br>\n2. Conectar el cargador a la toma de corriente en la pared.<br>\n3. Conectar el cable USB con el dispositivo m\u00f3vil. Se podr\u00e1 observar un \u00edcono de bater\u00eda mostrando el estado de la carga.<br>\n4. Cuando el \u00edcono de carga se muestra \n   completamente lleno, significa que la \n   bater\u00eda est\u00e1 completamente cargada. Por \n  favor desconectar el cargador de la toma de \n  corriente de la pared.<br>\n5. Desconectar el cargador del dispositivo m\u00f3vil.<\/p><\/div>\n\t\t\t\t<\/div>\n\t\t\t\t\t\t\t<div class=\"elementor-toggle-item\">\n\t\t\t\t\t<div id=\"elementor-tab-title-2404\" class=\"elementor-tab-title\" data-tab=\"4\" role=\"button\" aria-controls=\"elementor-tab-content-2404\" aria-expanded=\"false\">\n\t\t\t\t\t\t\t\t\t\t\t\t<span class=\"elementor-toggle-icon elementor-toggle-icon-left\" aria-hidden=\"true\">\n\t\t\t\t\t\t\t\t\t\t\t\t\t\t\t<span class=\"elementor-toggle-icon-closed\"><svg class=\"e-font-icon-svg e-fas-plus\" viewbox=\"0 0 448 512\" xmlns=\"http:\/\/www.w3.org\/2000\/svg\"><path d=\"M416 208H272V64c0-17.67-14.33-32-32-32h-32c-17.67 0-32 14.33-32 32v144H32c-17.67 0-32 14.33-32 32v32c0 17.67 14.33 32 32 32h144v144c0 17.67 14.33 32 32 32h32c17.67 0 32-14.33 32-32V304h144c17.67 0 32-14.33 32-32v-32c0-17.67-14.33-32-32-32z\"><\/path><\/svg><\/span>\n\t\t\t\t\t\t\t\t<span class=\"elementor-toggle-icon-opened\"><svg class=\"elementor-toggle-icon-opened e-font-icon-svg e-fas-minus\" viewbox=\"0 0 448 512\" xmlns=\"http:\/\/www.w3.org\/2000\/svg\"><path d=\"M416 208H32c-17.67 0-32 14.33-32 32v32c0 17.67 14.33 32 32 32h384c17.67 0 32-14.33 32-32v-32c0-17.67-14.33-32-32-32z\"><\/path><\/svg><\/span>\n\t\t\t\t\t\t\t\t\t\t\t\t\t<\/span>\n\t\t\t\t\t\t\t\t\t\t\t\t<a class=\"elementor-toggle-title\" tabindex=\"0\">Mi celular no carga.<\/a>\n\t\t\t\t\t<\/div>\n\n\t\t\t\t\t<div id=\"elementor-tab-content-2404\" class=\"elementor-tab-content elementor-clearfix translation-block\" data-tab=\"4\" role=\"region\" aria-labelledby=\"elementor-tab-title-2404\">1. Aseg\u00farese que el cargador este conectado a la toma de corriente adecuadamente.<br>\n2. Aseg\u00farese que el conector micro USB este debidamente insertado en el tel\u00e9fono.<br>\n3. Verificar si el tel\u00e9fono puede encender. Si enciende, verificar si el \u00edcono de la bater\u00eda esta oscilando.<br>\n4. Verificar si el tel\u00e9fono carga con otro cargador.<br>\n5. Verificar si el tel\u00e9fono cargar con otro cable USB \u2013 Micro USB.<br>\n6. Verificar si los conectores de la bater\u00eda del tel\u00e9fono est\u00e1n en buenas condiciones o quebrados.<br>\n7. Si Ud. no ha usado su tel\u00e9fono por un periodo largo, por favor conecte el cargador y espere unos minutos hasta que empiece a cargar.<\/div>\n\t\t\t\t<\/div>\n\t\t\t\t\t\t\t\t<\/div>\n\t\t\t\t\t\t<\/div>\n\t\t\t\t\t<\/div>\n\t\t\t\t<\/div>\n\t\t\t\t\t<\/div>\n\t\t\t\t<\/div>\n\t\t\t\t<\/div>","protected":false},"excerpt":{"rendered":"<p>Limited Warranty When you purchase a high-quality LOGIC product you also purchase piece of mind with our full factory warranty.Cuando compras un producto Logic, adquieres tranquilidad y garant\u00eda de f\u00e1brica. Battery Maximize your performance. My cellphone does not turn on. Please press and hold the POWER button. If the phone doesn\u2019t turn on, remove and [&hellip;]<\/p>\n","protected":false},"author":1,"featured_media":0,"parent":32794,"menu_order":0,"comment_status":"closed","ping_status":"closed","template":"elementor_header_footer","meta":{"footnotes":""},"class_list":["post-36363","page","type-page","status-publish","hentry"],"aioseo_notices":[],"_links":{"self":[{"href":"https:\/\/www.logicmobility.com\/es\/wp-json\/wp\/v2\/pages\/36363","targetHints":{"allow":["GET"]}}],"collection":[{"href":"https:\/\/www.logicmobility.com\/es\/wp-json\/wp\/v2\/pages"}],"about":[{"href":"https:\/\/www.logicmobility.com\/es\/wp-json\/wp\/v2\/types\/page"}],"author":[{"embeddable":true,"href":"https:\/\/www.logicmobility.com\/es\/wp-json\/wp\/v2\/users\/1"}],"replies":[{"embeddable":true,"href":"https:\/\/www.logicmobility.com\/es\/wp-json\/wp\/v2\/comments?post=36363"}],"version-history":[{"count":0,"href":"https:\/\/www.logicmobility.com\/es\/wp-json\/wp\/v2\/pages\/36363\/revisions"}],"up":[{"embeddable":true,"href":"https:\/\/www.logicmobility.com\/es\/wp-json\/wp\/v2\/pages\/32794"}],"wp:attachment":[{"href":"https:\/\/www.logicmobility.com\/es\/wp-json\/wp\/v2\/media?parent=36363"}],"curies":[{"name":"wp","href":"https:\/\/api.w.org\/{rel}","templated":true}]}}